{"id":2425,"date":"2025-07-28T11:56:19","date_gmt":"2025-07-28T11:56:19","guid":{"rendered":"https:\/\/www.external-cmo.de\/?page_id=2425"},"modified":"2025-07-30T07:53:11","modified_gmt":"2025-07-30T07:53:11","slug":"ki-klartext-workshop","status":"publish","type":"page","link":"https:\/\/www.external-cmo.de\/en\/ki-klartext-workshop\/","title":{"rendered":"KI Klartext-Workshop"},"content":{"rendered":"<h2 class=\"wp-block-heading has-main-accent-color wow animate__animated animate__bounce\">KI verstehen <mark style=\"background-color:rgba(0, 0, 0, 0)\" class=\"has-inline-color has-highlight-color-color\">ohne Hype. <\/mark><\/h2>\n\n\n\n<blockquote class=\"wp-block-quote is-layout-flow wp-block-quote-is-layout-flow\">\n<p class=\"has-main-accent-color\">F\u00fcr Entscheider im Mittelstand.<br>Ein Klartext-Workshop f\u00fcr Gesch\u00e4ftsf\u00fchrer und F\u00fchrungskr\u00e4fte ohne KI Erfahrung aber ersten Ber\u00fchrungspunkten<\/p>\n<\/blockquote>\n\n\n\n<h3 class=\"wp-block-heading has-main-accent-color\">K\u00fcnstliche Intelligenz ver\u00e4ndert vieles \u2013 aber was hei\u00dft das konkret f\u00fcr Ihr Unternehmen?<\/h3>\n\n\n\n<p class=\"has-main-accent-color\">Viele Unternehmen im Mittelstand stehen vor einer Mischung aus Druck, Unsicherheit und \u00dcberforderung. Aber keine Panik, der Untergang des Abendlandes steht noch nicht bevor. Doch die Augen sollte man auch nicht verschliessen:<\/p>\n\n\n\n<p><\/p>\n\n\n\n<ul class=\"wp-block-list\">\n<li class=\"has-main-accent-color\">Ist KI nur ein Hype oder bereits gesch\u00e4ftskritisch?<\/li>\n\n\n\n<li class=\"has-main-accent-color\">Wo kann KI in Vertrieb, Marketing oder Kundenservice wirklich etwas bewegen?<\/li>\n\n\n\n<li class=\"has-main-accent-color\">Was bedeutet der EU AI Act \u2013 und sind wir davon betroffen?<\/li>\n\n\n\n<li class=\"has-main-accent-color\">Wie k\u00f6nnen wir starten, ohne gleich die Organisation zu \u00fcberfordern?<\/li>\n<\/ul>\n\n\n\n<h3 class=\"wp-block-heading has-main-accent-color\">Der Workshop: \u201eKI im Klartext\u201c<\/h3>\n\n\n\n<p class=\"has-main-accent-color\">Ein kompakter, fundierter Einstieg \u2013 speziell f\u00fcr technische B2B-Unternehmen.<\/p>\n\n\n\n<p class=\"has-main-accent-color\"><strong>Was Sie bekommen:<\/strong><\/p>\n\n\n\n<div class=\"wp-block-group is-vertical is-layout-flex wp-container-core-group-is-layout-1 wp-block-group-is-layout-flex\" style=\"margin-top:0;margin-bottom:0;padding-right:0;padding-left:0\">\n<div class=\"wp-block-columns wow animate__animated animate__fadeInRight has-main-accent-color is-layout-flex wp-container-core-columns-is-layout-1 wp-block-columns-is-layout-flex\">\n<div class=\"wp-block-column is-layout-flow wp-block-column-is-layout-flow\" style=\"flex-basis:50px\" id=\"wow-animate__animated-animate__fadeInLeft\">\n\n<figure class=\"wp-block-image size-full is-resized\" id=\"wow-animate__animated-animate__fadeInLeft\"><img loading=\"lazy\" decoding=\"async\" width=\"57\" height=\"53\" src=\"https:\/\/www.external-cmo.de\/wp-content\/uploads\/2024\/11\/haken.png\" alt=\"\" class=\"wp-image-1656\" style=\"width:44px;height:auto\"\/><\/figure>\n\n<\/div>\n\n\n\n<div class=\"wp-block-column is-layout-flow wp-block-column-is-layout-flow\" style=\"flex-basis:95%\">\n<p>Solide Einf\u00fchrung in die Realit\u00e4t von KI (keine Buzzwords, keine Tool-Demos)<\/p>\n<\/div>\n<\/div>\n\n\n\n<div class=\"wp-block-columns wow animate__animated animate__fadeInLeft has-main-accent-color is-layout-flex wp-container-core-columns-is-layout-2 wp-block-columns-is-layout-flex\">\n<div class=\"wp-block-column is-layout-flow wp-block-column-is-layout-flow\" style=\"flex-basis:50px\" id=\"wow-animate__animated-animate__fadeInLeft\">\n\n<figure class=\"wp-block-image size-full is-resized\" id=\"wow-animate__animated-animate__fadeInLeft\"><img loading=\"lazy\" decoding=\"async\" width=\"57\" height=\"53\" src=\"https:\/\/www.external-cmo.de\/wp-content\/uploads\/2024\/11\/haken.png\" alt=\"\" class=\"wp-image-1656\" style=\"width:44px;height:auto\"\/><\/figure>\n\n<\/div>\n\n\n\n<div class=\"wp-block-column is-layout-flow wp-block-column-is-layout-flow\" style=\"flex-basis:95%\">\n<p><strong>Relevante Anwendungsbeispiele aus dem Mittelstand<\/strong><\/p>\n<\/div>\n<\/div>\n\n\n\n<div class=\"wp-block-columns wow animate__animated animate__fadeInRight has-main-accent-color is-layout-flex wp-container-core-columns-is-layout-3 wp-block-columns-is-layout-flex\">\n<div class=\"wp-block-column is-layout-flow wp-block-column-is-layout-flow\" style=\"flex-basis:50px\" id=\"wow-animate__animated-animate__fadeInLeft\">\n\n<figure class=\"wp-block-image size-full is-resized\" id=\"wow-animate__animated-animate__fadeInLeft\"><img loading=\"lazy\" decoding=\"async\" width=\"57\" height=\"53\" src=\"https:\/\/www.external-cmo.de\/wp-content\/uploads\/2024\/11\/haken.png\" alt=\"\" class=\"wp-image-1656\" style=\"width:44px;height:auto\"\/><\/figure>\n\n<\/div>\n\n\n\n<div class=\"wp-block-column is-layout-flow wp-block-column-is-layout-flow\" style=\"flex-basis:95%\">\n<p><strong>Klartext zum EU AI Act &amp; was er konkret bedeutet<\/strong><\/p>\n<\/div>\n<\/div>\n\n\n\n<div class=\"wp-block-columns wow animate__animated animate__fadeInLeft has-main-accent-color is-layout-flex wp-container-core-columns-is-layout-4 wp-block-columns-is-layout-flex\">\n<div class=\"wp-block-column is-layout-flow wp-block-column-is-layout-flow\" style=\"flex-basis:50px\" id=\"wow-animate__animated-animate__fadeInLeft\">\n\n<figure class=\"wp-block-image size-full is-resized\" id=\"wow-animate__animated-animate__fadeInLeft\"><img loading=\"lazy\" decoding=\"async\" width=\"57\" height=\"53\" src=\"https:\/\/www.external-cmo.de\/wp-content\/uploads\/2024\/11\/haken.png\" alt=\"\" class=\"wp-image-1656\" style=\"width:44px;height:auto\"\/><\/figure>\n\n<\/div>\n\n\n\n<div class=\"wp-block-column is-layout-flow wp-block-column-is-layout-flow\" style=\"flex-basis:95%\">\n<p><strong>Diskussion Ihrer aktuellen Situation &amp; potenzieller Startpunkte<\/strong><\/p>\n<\/div>\n<\/div>\n\n\n\n<div class=\"wp-block-columns wow animate__animated animate__fadeInRight has-main-accent-color is-layout-flex wp-container-core-columns-is-layout-5 wp-block-columns-is-layout-flex\">\n<div class=\"wp-block-column is-layout-flow wp-block-column-is-layout-flow\" style=\"flex-basis:50px\" id=\"wow-animate__animated-animate__fadeInLeft\">\n\n<figure class=\"wp-block-image size-full is-resized\" id=\"wow-animate__animated-animate__fadeInLeft\"><img loading=\"lazy\" decoding=\"async\" width=\"57\" height=\"53\" src=\"https:\/\/www.external-cmo.de\/wp-content\/uploads\/2024\/11\/haken.png\" alt=\"\" class=\"wp-image-1656\" style=\"width:44px;height:auto\"\/><\/figure>\n\n<\/div>\n\n\n\n<div class=\"wp-block-column is-layout-flow wp-block-column-is-layout-flow\" style=\"flex-basis:95%\">\n<p>Praxisempfehlungen f\u00fcr einen risikofreien Einstieg in Ihrem Unternehmen<\/p>\n<\/div>\n<\/div>\n<\/div>\n\n\n\n<p class=\"has-main-accent-color\"><strong>Zielgruppe:<br><\/strong>Gesch\u00e4ftsf\u00fchrung und interessierte F\u00fchrungskr\u00e4fte \u2013 ca. 5 Personen<\/p>\n\n\n\n<p class=\"has-main-accent-color\">Format:<br>Vor-Ort-Workshop (2 Stunden), Raum f\u00fcr Diskussion<\/p>\n\n\n\n<p class=\"has-main-accent-color\"><strong>Investition:<br><\/strong>490\u202f\u20ac netto<\/p>\n\n\n\n<h2 class=\"wp-block-heading has-main-accent-color\">Warum mit mir?<\/h2>\n\n\n\n<p class=\"has-main-accent-color\">Ich bin keine Agentur, die ein Industrieunternehmen noch nie von innen gesehen hat. Im Gegenteil, ich komme aus der Industrie und kenne die Businessprozesse, das Marketing, den Vertrieb, den Service sehr genau. Mein Fokus liegt immer auf dem konkreten und bewertbaren Nutzen von neuen KI-Ideen &#8211; aus Unternehmenssicht, nicht aus Tool-Anbietersicht.<\/p>\n\n\n\n<h2 class=\"wp-block-heading has-text-align-center has-main-accent-color\">Jetzt Termin anfragen:<br>oder einfach per E-Mail an kautz@external-cmo.de<\/h2>\n\n\n\n<div class=\"wp-block-buttons alignwide is-content-justification-center is-layout-flex wp-container-core-buttons-is-layout-1 wp-block-buttons-is-layout-flex\">\n<div class=\"wp-block-button has-custom-width wp-block-button__width-50 is-style-fill wow animate__animated animate__bounce\"><a class=\"wp-block-button__link has-highlight-color-background-color has-background has-border-color has-text-align-center wp-element-button\" href=\"https:\/\/www.external-cmo.de\/en\/anfrage-ki-pakete\/\" style=\"border-color:#d0ccde;border-width:2px;border-radius:10px\"><strong>\ud83d\udd25<\/strong> Jetzt: Terminanfrage f\u00fcr KI Klartext-Workshop<\/a><\/div>\n<\/div>\n\n\n\n<p><\/p>","protected":false},"excerpt":{"rendered":"<p>KI verstehen ohne Hype. F\u00fcr Entscheider im Mittelstand.Ein Klartext-Workshop f\u00fcr Gesch\u00e4ftsf\u00fchrer und F\u00fchrungskr\u00e4fte ohne KI Erfahrung aber ersten Ber\u00fchrungspunkten K\u00fcnstliche Intelligenz ver\u00e4ndert vieles \u2013 aber was hei\u00dft das konkret f\u00fcr Ihr Unternehmen? Viele Unternehmen im Mittelstand stehen vor einer Mischung aus Druck, Unsicherheit und \u00dcberforderung. Aber keine Panik, der Untergang des Abendlandes steht noch nicht [&hellip;]<\/p>\n","protected":false},"author":1,"featured_media":0,"parent":0,"menu_order":0,"comment_status":"closed","ping_status":"closed","template":"page-no-title","meta":{"content-type":"","_surecart_dashboard_logo_width":"180px","_surecart_dashboard_show_logo":true,"_surecart_dashboard_navigation_orders":true,"_surecart_dashboard_navigation_invoices":true,"_surecart_dashboard_navigation_subscriptions":true,"_surecart_dashboard_navigation_downloads":true,"_surecart_dashboard_navigation_billing":true,"_surecart_dashboard_navigation_account":true,"_monsterinsights_skip_tracking":false,"_monsterinsights_sitenote_active":false,"_monsterinsights_sitenote_note":"","_monsterinsights_sitenote_category":0,"footnotes":""},"class_list":["post-2425","page","type-page","status-publish","hentry"],"_links":{"self":[{"href":"https:\/\/www.external-cmo.de\/en\/wp-json\/wp\/v2\/pages\/2425","targetHints":{"allow":["GET"]}}],"collection":[{"href":"https:\/\/www.external-cmo.de\/en\/wp-json\/wp\/v2\/pages"}],"about":[{"href":"https:\/\/www.external-cmo.de\/en\/wp-json\/wp\/v2\/types\/page"}],"author":[{"embeddable":true,"href":"https:\/\/www.external-cmo.de\/en\/wp-json\/wp\/v2\/users\/1"}],"replies":[{"embeddable":true,"href":"https:\/\/www.external-cmo.de\/en\/wp-json\/wp\/v2\/comments?post=2425"}],"version-history":[{"count":16,"href":"https:\/\/www.external-cmo.de\/en\/wp-json\/wp\/v2\/pages\/2425\/revisions"}],"predecessor-version":[{"id":2484,"href":"https:\/\/www.external-cmo.de\/en\/wp-json\/wp\/v2\/pages\/2425\/revisions\/2484"}],"wp:attachment":[{"href":"https:\/\/www.external-cmo.de\/en\/wp-json\/wp\/v2\/media?parent=2425"}],"curies":[{"name":"wp","href":"https:\/\/api.w.org\/{rel}","templated":true}]}}