{"id":1887,"date":"2024-11-20T11:04:21","date_gmt":"2024-11-20T11:04:21","guid":{"rendered":"https:\/\/www.external-cmo.de\/?page_id=1887"},"modified":"2025-02-19T12:53:17","modified_gmt":"2025-02-19T12:53:17","slug":"projects","status":"publish","type":"page","link":"https:\/\/www.external-cmo.de\/en\/projects\/","title":{"rendered":"Insights"},"content":{"rendered":"<div class=\"blockwheels-section alignwide has-main-accent-color\" data-id=\"ec27b92e-49e6-4936-9b98-f54093ff1df0\"><div class=\"wp-block-blockwheels-grid-posts blockwheels-grid-posts-container grid gap image-ratio sm-grid-cols-1 md-grid-cols-2 grid-cols-2 sm-text-left md-text-left text-left\"\n    data-ratio=\"16x9\">\n        <div class=\"blockwheels-post-details\">\n                        <figure class=\"wp-block-image effect_zoomin\">\n            <a href=\"https:\/\/www.external-cmo.de\/en\/b2b-sales-dein-kunde-kauft-aber-nicht-bei-dir-und-das-hat-einen-grund\/\" target=\"_self\">\n                <img loading=\"lazy\" decoding=\"async\" width=\"1894\" height=\"1066\" src=\"https:\/\/external-cmo.de\/wp-content\/uploads\/2025\/02\/artikel-KI-Sales.png\" class=\"attachment-post-thumbnail size-post-thumbnail wp-post-image\" alt=\"\" srcset=\"https:\/\/external-cmo.de\/wp-content\/uploads\/2025\/02\/artikel-KI-Sales.png 1894w, https:\/\/external-cmo.de\/wp-content\/uploads\/2025\/02\/artikel-KI-Sales-300x169.png 300w, https:\/\/external-cmo.de\/wp-content\/uploads\/2025\/02\/artikel-KI-Sales-1024x576.png 1024w, https:\/\/external-cmo.de\/wp-content\/uploads\/2025\/02\/artikel-KI-Sales-768x432.png 768w, https:\/\/external-cmo.de\/wp-content\/uploads\/2025\/02\/artikel-KI-Sales-1536x865.png 1536w, https:\/\/external-cmo.de\/wp-content\/uploads\/2025\/02\/artikel-KI-Sales-18x10.png 18w\" sizes=\"auto, (max-width: 1894px) 100vw, 1894px\" \/>            <\/a>\n        <\/figure>\n                        <div class=\"wp-block-content\">\n\n            <div class=\"wp-block-term-links category-style-boxed\"><a href=\"https:\/\/www.external-cmo.de\/en\/category\/blog\/\">- Blog post -<\/a><\/div>\n            <h2 class=\"wp-block-post-title\">\n                <a href=\"https:\/\/www.external-cmo.de\/en\/b2b-sales-dein-kunde-kauft-aber-nicht-bei-dir-und-das-hat-einen-grund\/\" rel=\"bookmark\">B2B Sales: Your Customer Is Buying \u2013 But Not from You! (And There\u2019s a Reason for That...)<\/a>\n            <\/h2>\n\n            \n                        <div class=\"wp-block-post-excerpt__excerpt\">Dein Vertrieb k\u00e4mpft \u2013 aber der Markt spielt l\u00e4ngst nach neuen Regeln Wie oft passiert das in deinem Unternehmen? Dein Vertriebsteam investiert Wochen in einen potenziellen Kunden, f\u00fchrt mehrere Gespr\u00e4che, erstellt ma\u00dfgeschneiderte Angebote \u2013 und dann passiert\u2026 nichts. Der Kunde&#8230;            <\/div>\n            \n            \n        <\/div>\n\n    <\/div>\n        <div class=\"blockwheels-post-details\">\n                        <figure class=\"wp-block-image effect_zoomin\">\n            <a href=\"https:\/\/www.external-cmo.de\/en\/intuition-die-unterschaetzte-kraft-in-entscheidungsprozessen\/\" target=\"_self\">\n                <img loading=\"lazy\" decoding=\"async\" width=\"1920\" height=\"1080\" src=\"https:\/\/external-cmo.de\/wp-content\/uploads\/2025\/02\/artikel-intuition.png\" class=\"attachment-post-thumbnail size-post-thumbnail wp-post-image\" alt=\"\" srcset=\"https:\/\/external-cmo.de\/wp-content\/uploads\/2025\/02\/artikel-intuition.png 1920w, https:\/\/external-cmo.de\/wp-content\/uploads\/2025\/02\/artikel-intuition-300x169.png 300w, https:\/\/external-cmo.de\/wp-content\/uploads\/2025\/02\/artikel-intuition-1024x576.png 1024w, https:\/\/external-cmo.de\/wp-content\/uploads\/2025\/02\/artikel-intuition-768x432.png 768w, https:\/\/external-cmo.de\/wp-content\/uploads\/2025\/02\/artikel-intuition-1536x864.png 1536w, https:\/\/external-cmo.de\/wp-content\/uploads\/2025\/02\/artikel-intuition-18x10.png 18w\" sizes=\"auto, (max-width: 1920px) 100vw, 1920px\" \/>            <\/a>\n        <\/figure>\n                        <div class=\"wp-block-content\">\n\n            <div class=\"wp-block-term-links category-style-boxed\"><a href=\"https:\/\/www.external-cmo.de\/en\/category\/blog\/\">- Blog post -<\/a><\/div>\n            <h2 class=\"wp-block-post-title\">\n                <a href=\"https:\/\/www.external-cmo.de\/en\/intuition-die-unterschaetzte-kraft-in-entscheidungsprozessen\/\" rel=\"bookmark\">Intuition: The Underrated Power in Decision-Making<\/a>\n            <\/h2>\n\n            \n                        <div class=\"wp-block-post-excerpt__excerpt\">Ein pers\u00f6nliches Erlebnis In meinem letzten Mandat stellte ich eine verkorkste Marketingorganisation komplett um. W\u00e4hrend eines Workshops bewertete der damalige Gesch\u00e4ftsf\u00fchrer meine Herangehensweise mit den Worten, dass ich mit glasklaren Analysen die Organisation vom Kopf auf die F\u00fc\u00dfe gestellt h\u00e4tte&#8230;.            <\/div>\n            \n            \n        <\/div>\n\n    <\/div>\n        <div class=\"blockwheels-post-details\">\n                        <figure class=\"wp-block-image effect_zoomin\">\n            <a href=\"https:\/\/www.external-cmo.de\/en\/restructuring-marketing-department\/\" target=\"_self\">\n                <img loading=\"lazy\" decoding=\"async\" width=\"1280\" height=\"720\" src=\"https:\/\/external-cmo.de\/wp-content\/uploads\/2021\/03\/concert-2527495_1280.jpg\" class=\"attachment-post-thumbnail size-post-thumbnail wp-post-image\" alt=\"\" srcset=\"https:\/\/external-cmo.de\/wp-content\/uploads\/2021\/03\/concert-2527495_1280.jpg 1280w, https:\/\/external-cmo.de\/wp-content\/uploads\/2021\/03\/concert-2527495_1280-300x169.jpg 300w, https:\/\/external-cmo.de\/wp-content\/uploads\/2021\/03\/concert-2527495_1280-1024x576.jpg 1024w, https:\/\/external-cmo.de\/wp-content\/uploads\/2021\/03\/concert-2527495_1280-768x432.jpg 768w, https:\/\/external-cmo.de\/wp-content\/uploads\/2021\/03\/concert-2527495_1280-1200x675.jpg 1200w\" sizes=\"auto, (max-width: 1280px) 100vw, 1280px\" \/>            <\/a>\n        <\/figure>\n                        <div class=\"wp-block-content\">\n\n            <div class=\"wp-block-term-links category-style-boxed\"><a href=\"https:\/\/www.external-cmo.de\/en\/category\/projekte\/\">- project report -<\/a><a href=\"https:\/\/www.external-cmo.de\/en\/category\/reorganisation\/\">Reorganization<\/a><a href=\"https:\/\/www.external-cmo.de\/en\/category\/customer-journey\/\">Customer journey<\/a><a href=\"https:\/\/www.external-cmo.de\/en\/category\/fuehrung\/\">Leadership<\/a><a href=\"https:\/\/www.external-cmo.de\/en\/category\/marketing-strategie\/\">Marketing strategy<\/a><\/div>\n            <h2 class=\"wp-block-post-title\">\n                <a href=\"https:\/\/www.external-cmo.de\/en\/restructuring-marketing-department\/\" rel=\"bookmark\">Restructuring of a marketing department<\/a>\n            <\/h2>\n\n            \n                        <div class=\"wp-block-post-excerpt__excerpt\">A globally renowned company restructured its business divisions without adapting its marketing department. The result was a massive overload in the marketing department.            <\/div>\n            \n            \n        <\/div>\n\n    <\/div>\n        <div class=\"blockwheels-post-details\">\n                        <figure class=\"wp-block-image effect_zoomin\">\n            <a href=\"https:\/\/www.external-cmo.de\/en\/digital-sales-plant-engineering\/\" target=\"_self\">\n                <img loading=\"lazy\" decoding=\"async\" width=\"1280\" height=\"872\" src=\"https:\/\/external-cmo.de\/wp-content\/uploads\/2023\/07\/water-lily-3784022_1280.jpg\" class=\"attachment-post-thumbnail size-post-thumbnail wp-post-image\" alt=\"\" srcset=\"https:\/\/external-cmo.de\/wp-content\/uploads\/2023\/07\/water-lily-3784022_1280.jpg 1280w, https:\/\/external-cmo.de\/wp-content\/uploads\/2023\/07\/water-lily-3784022_1280-300x204.jpg 300w, https:\/\/external-cmo.de\/wp-content\/uploads\/2023\/07\/water-lily-3784022_1280-1024x698.jpg 1024w, https:\/\/external-cmo.de\/wp-content\/uploads\/2023\/07\/water-lily-3784022_1280-768x523.jpg 768w\" sizes=\"auto, (max-width: 1280px) 100vw, 1280px\" \/>            <\/a>\n        <\/figure>\n                        <div class=\"wp-block-content\">\n\n            <div class=\"wp-block-term-links category-style-boxed\"><a href=\"https:\/\/www.external-cmo.de\/en\/category\/projekte\/\">- project report -<\/a><a href=\"https:\/\/www.external-cmo.de\/en\/category\/reorganisation\/\">Reorganization<\/a><a href=\"https:\/\/www.external-cmo.de\/en\/category\/marketing-strategie\/\">Marketing strategy<\/a><a href=\"https:\/\/www.external-cmo.de\/en\/category\/performance-marketing\/\">Performance marketing<\/a><\/div>\n            <h2 class=\"wp-block-post-title\">\n                <a href=\"https:\/\/www.external-cmo.de\/en\/digital-sales-plant-engineering\/\" rel=\"bookmark\">Reorganization of marketing for digital sales in plant engineering<\/a>\n            <\/h2>\n\n            \n                        <div class=\"wp-block-post-excerpt__excerpt\">Ambitious growth targets of a listed plant engineering group put the sales concept for its spare parts, wear parts and modernization business to the test.            <\/div>\n            \n            \n        <\/div>\n\n    <\/div>\n        <div class=\"blockwheels-post-details\">\n                        <figure class=\"wp-block-image effect_zoomin\">\n            <a href=\"https:\/\/www.external-cmo.de\/en\/new-business-from-erp-and-crm\/\" target=\"_self\">\n                <img loading=\"lazy\" decoding=\"async\" width=\"1280\" height=\"763\" src=\"https:\/\/external-cmo.de\/wp-content\/uploads\/2023\/07\/binoculars-3683757_1280.jpg\" class=\"attachment-post-thumbnail size-post-thumbnail wp-post-image\" alt=\"\" srcset=\"https:\/\/external-cmo.de\/wp-content\/uploads\/2023\/07\/binoculars-3683757_1280.jpg 1280w, https:\/\/external-cmo.de\/wp-content\/uploads\/2023\/07\/binoculars-3683757_1280-300x179.jpg 300w, https:\/\/external-cmo.de\/wp-content\/uploads\/2023\/07\/binoculars-3683757_1280-1024x610.jpg 1024w, https:\/\/external-cmo.de\/wp-content\/uploads\/2023\/07\/binoculars-3683757_1280-768x458.jpg 768w\" sizes=\"auto, (max-width: 1280px) 100vw, 1280px\" \/>            <\/a>\n        <\/figure>\n                        <div class=\"wp-block-content\">\n\n            <div class=\"wp-block-term-links category-style-boxed\"><a href=\"https:\/\/www.external-cmo.de\/en\/category\/projekte\/\">- project report -<\/a><a href=\"https:\/\/www.external-cmo.de\/en\/category\/crm-prozesse\/\">CRM processes<\/a><a href=\"https:\/\/www.external-cmo.de\/en\/category\/performance-marketing\/\">Performance marketing<\/a><\/div>\n            <h2 class=\"wp-block-post-title\">\n                <a href=\"https:\/\/www.external-cmo.de\/en\/new-business-from-erp-and-crm\/\" rel=\"bookmark\">Automatically generate new business from ERP and CRM data<\/a>\n            <\/h2>\n\n            \n                        <div class=\"wp-block-post-excerpt__excerpt\">In this project for a large plant manufacturer, new sales opportunities are generated automatically by recognizing patterns in historical order data and linking ERP and CRM data.            <\/div>\n            \n            \n        <\/div>\n\n    <\/div>\n        <div class=\"blockwheels-post-details\">\n                        <figure class=\"wp-block-image effect_zoomin\">\n            <a href=\"https:\/\/www.external-cmo.de\/en\/employer-branding-wood-industry\/\" target=\"_self\">\n                <img loading=\"lazy\" decoding=\"async\" width=\"1280\" height=\"853\" src=\"https:\/\/external-cmo.de\/wp-content\/uploads\/2021\/08\/lumber-employerbranding.jpg\" class=\"attachment-post-thumbnail size-post-thumbnail wp-post-image\" alt=\"\" srcset=\"https:\/\/external-cmo.de\/wp-content\/uploads\/2021\/08\/lumber-employerbranding.jpg 1280w, https:\/\/external-cmo.de\/wp-content\/uploads\/2021\/08\/lumber-employerbranding-300x200.jpg 300w, https:\/\/external-cmo.de\/wp-content\/uploads\/2021\/08\/lumber-employerbranding-1024x682.jpg 1024w, https:\/\/external-cmo.de\/wp-content\/uploads\/2021\/08\/lumber-employerbranding-768x512.jpg 768w\" sizes=\"auto, (max-width: 1280px) 100vw, 1280px\" \/>            <\/a>\n        <\/figure>\n                        <div class=\"wp-block-content\">\n\n            <div class=\"wp-block-term-links category-style-boxed\"><a href=\"https:\/\/www.external-cmo.de\/en\/category\/projekte\/\">- project report -<\/a><a href=\"https:\/\/www.external-cmo.de\/en\/category\/employer-branding\/\">Employer branding<\/a><\/div>\n            <h2 class=\"wp-block-post-title\">\n                <a href=\"https:\/\/www.external-cmo.de\/en\/employer-branding-wood-industry\/\" rel=\"bookmark\">Special: Employer branding strategy to combat the skills shortage in the wood industry<\/a>\n            <\/h2>\n\n            \n                        <div class=\"wp-block-post-excerpt__excerpt\">One of the most modern and efficient sawmills in Germany was finding it increasingly difficult to successfully fill vacant positions. An employer branding strategy was to counteract this.            <\/div>\n            \n            \n        <\/div>\n\n    <\/div>\n        <\/div>\n<\/div>","protected":false},"excerpt":{"rendered":"","protected":false},"author":1,"featured_media":0,"parent":0,"menu_order":0,"comment_status":"closed","ping_status":"closed","template":"","meta":{"content-type":"","_surecart_dashboard_logo_width":"180px","_surecart_dashboard_show_logo":true,"_surecart_dashboard_navigation_orders":true,"_surecart_dashboard_navigation_invoices":true,"_surecart_dashboard_navigation_subscriptions":true,"_surecart_dashboard_navigation_downloads":true,"_surecart_dashboard_navigation_billing":true,"_surecart_dashboard_navigation_account":true,"_monsterinsights_skip_tracking":false,"_monsterinsights_sitenote_active":false,"_monsterinsights_sitenote_note":"","_monsterinsights_sitenote_category":0,"footnotes":""},"class_list":["post-1887","page","type-page","status-publish","hentry"],"_links":{"self":[{"href":"https:\/\/www.external-cmo.de\/en\/wp-json\/wp\/v2\/pages\/1887","targetHints":{"allow":["GET"]}}],"collection":[{"href":"https:\/\/www.external-cmo.de\/en\/wp-json\/wp\/v2\/pages"}],"about":[{"href":"https:\/\/www.external-cmo.de\/en\/wp-json\/wp\/v2\/types\/page"}],"author":[{"embeddable":true,"href":"https:\/\/www.external-cmo.de\/en\/wp-json\/wp\/v2\/users\/1"}],"replies":[{"embeddable":true,"href":"https:\/\/www.external-cmo.de\/en\/wp-json\/wp\/v2\/comments?post=1887"}],"version-history":[{"count":19,"href":"https:\/\/www.external-cmo.de\/en\/wp-json\/wp\/v2\/pages\/1887\/revisions"}],"predecessor-version":[{"id":2214,"href":"https:\/\/www.external-cmo.de\/en\/wp-json\/wp\/v2\/pages\/1887\/revisions\/2214"}],"wp:attachment":[{"href":"https:\/\/www.external-cmo.de\/en\/wp-json\/wp\/v2\/media?parent=1887"}],"curies":[{"name":"wp","href":"https:\/\/api.w.org\/{rel}","templated":true}]}}