{"id":77,"date":"2024-07-23T07:41:24","date_gmt":"2024-07-23T07:41:24","guid":{"rendered":"https:\/\/demo.wpwheels.com\/wpentrepreneur\/?page_id=77"},"modified":"2025-04-04T13:19:38","modified_gmt":"2025-04-04T13:19:38","slug":"services","status":"publish","type":"page","link":"https:\/\/www.external-cmo.de\/de\/services\/","title":{"rendered":"Leistungen"},"content":{"rendered":"\n<div class=\"wp-block-group alignfull feature-boxes is-style-default has-global-padding is-layout-constrained wp-container-core-group-is-layout-9 wp-block-group-is-layout-constrained has-background\" style=\"margin-top:0px;padding-top:0;padding-right:var(--wp--preset--spacing--medium);padding-bottom:0;padding-left:var(--wp--preset--spacing--medium);background-image:url(&#039;https:\/\/demo.wpwheels.com\/wpentrepreneur\/wp-content\/themes\/entrepreneurship\/patterns\/images\/bg-texture.webp&#039;);background-size:cover;\">\n<div class=\"wp-block-group is-layout-flow wp-container-core-group-is-layout-1 wp-block-group-is-layout-flow\">\n<h2 class=\"wp-block-heading has-text-align-left has-secondary-color has-text-color has-link-color wp-elements-e7751082927fa4dcfcb39d89e5dc193b\"><strong>Ich bin kein Anbieter. Ich bin <\/strong><mark style=\"background-color:rgba(0, 0, 0, 0)\" class=\"has-inline-color has-highlight-color-color\">F\u00fchrungsverst\u00e4rker <\/mark><strong>auf Zeit \u2013 wenn Strukturen versagen.<\/strong><br><\/h2>\n\n\n\n<p class=\"has-text-align-left has-main-accent-color\">Ob es um die \u00dcberbr\u00fcckung einer vakanten F\u00fchrungsrolle, die Umsetzung einer KI-Initiative oder die Zusammenf\u00fchrung zweier Abteilungen geht:<br><strong>Ich \u00fcbernehme Verantwortung \u2013 mit Klartext, Struktur und F\u00fchrung auf Augenh\u00f6he.<\/strong><\/p>\n\n\n\n<p class=\"has-text-align-left has-main-accent-color\">Fire Control\u2122 ist mein Ansatz f\u00fcr Organisationen, die blockiert sind, \u00fcberfordert oder am Wendepunkt.<br>Kein Modell. Keine Methode. Sondern <mark style=\"background-color:rgba(0, 0, 0, 0);color:#ffffff\" class=\"has-inline-color\"><strong>gelebte F\u00fchrungs\u00fcbernahme mit Wirkung<\/strong>.<\/mark><\/p>\n\n\n\n<div style=\"height:50px\" aria-hidden=\"true\" class=\"wp-block-spacer\"><\/div>\n\n\n\n<div class=\"wp-block-buttons alignwide is-content-justification-center is-layout-flex wp-container-core-buttons-is-layout-1 wp-block-buttons-is-layout-flex\">\n<div class=\"wp-block-button has-custom-width wp-block-button__width-75 is-style-fill wow animate__animated animate__bounce\"><a class=\"wp-block-button__link has-highlight-color-background-color has-background has-border-color has-text-align-center wp-element-button\" href=\"https:\/\/www.external-cmo.de\/terminbuchung2\/\" style=\"border-color:#d0ccde;border-width:2px;border-radius:10px\" target=\"_blank\" rel=\" noreferrer noopener nofollow\"><strong>\ud83d\udd25<\/strong> Jetzt Fire Control\u2122 Klarheitsgespr\u00e4ch buchen<\/a><\/div>\n<\/div>\n<\/div>\n\n\n\n<div style=\"height:100px\" aria-hidden=\"true\" class=\"wp-block-spacer\"><\/div>\n\n\n\n<div class=\"wp-block-group alignwide is-vertical is-content-justification-center is-layout-flex wp-container-core-group-is-layout-8 wp-block-group-is-layout-flex\">\n<div class=\"wp-block-columns alignwide is-layout-flex wp-container-core-columns-is-layout-1 wp-block-columns-is-layout-flex\" style=\"margin-top:0px;margin-bottom:0px\">\n<div class=\"wp-block-column column-hover-color is-style-default wow animate__animated animate__flipInX has-dark-grey-color-background-color has-background is-layout-flow wp-container-core-column-is-layout-1 wp-block-column-is-layout-flow\" style=\"border-style:none;border-width:0px;padding-top:var(--wp--preset--spacing--medium);padding-right:var(--wp--preset--spacing--medium);padding-bottom:var(--wp--preset--spacing--medium);padding-left:var(--wp--preset--spacing--medium)\">\n<div class=\"wp-block-group has-global-padding is-layout-constrained wp-container-core-group-is-layout-2 wp-block-group-is-layout-constrained\">\n<p class=\"has-highlight-color-color has-text-color has-medium-font-size\">\u2605 Vakanz\u00fcberbr\u00fcckung &amp; Interimsf\u00fchrung mit Fire Control\u2122<\/p>\n\n\n\n<h3 class=\"wp-block-heading has-secondary-color has-text-color has-link-color has-base-font-size wp-elements-9791dabe8c28247f1bfbfae0954da71b\">Wenn eine F\u00fchrungsposition in Marketing oder Vertrieb kurzfristig unbesetzt bleibt, entstehen Orientierungsl\u00fccken, Entscheidungsschw\u00e4chen und operative Unsicherheit.<\/h3>\n\n\n\n<p>Ich \u00fcbernehme tempor\u00e4r \u2013 aber voll verantwortlich. Ich bringe das Team auf Kurs, stabilisiere Prozesse und stelle sicher, dass nicht nur verwaltet, sondern vorangebracht wird.<\/p>\n<\/div>\n<\/div>\n\n\n\n<div class=\"wp-block-column column-hover-color is-style-column-box-shadow wow animate__animated animate__flipInX has-primary-background-color has-background is-layout-flow wp-container-core-column-is-layout-2 wp-block-column-is-layout-flow\" style=\"border-style:none;border-width:0px;padding-top:var(--wp--preset--spacing--medium);padding-right:var(--wp--preset--spacing--medium);padding-bottom:var(--wp--preset--spacing--medium);padding-left:var(--wp--preset--spacing--medium)\">\n<div class=\"wp-block-group has-global-padding is-layout-constrained wp-container-core-group-is-layout-3 wp-block-group-is-layout-constrained\">\n<h3 class=\"wp-block-heading has-secondary-color has-text-color has-link-color has-base-font-size wp-elements-3552a552dfde531c5ad2dfbf638c6874\"><strong>Typische Szenarien:<\/strong><\/h3>\n\n\n\n<ul class=\"wp-block-list\">\n<li>Vakanz im Bereich CMO, Head of Sales oder Marketing<\/li>\n\n\n\n<li>Interimsf\u00fchrung nach Reorganisation oder K\u00fcndigung<\/li>\n<\/ul>\n\n\n\n<ul class=\"wp-block-list\">\n<li>Operative Stabilisierung bei pl\u00f6tzlichem Wegfall der Leitung<\/li>\n<\/ul>\n\n\n\n<div class=\"wp-block-buttons alignwide is-content-justification-center is-layout-flex wp-container-core-buttons-is-layout-2 wp-block-buttons-is-layout-flex\">\n<div class=\"wp-block-button has-custom-width wp-block-button__width-100\"><a class=\"wp-block-button__link has-highlight-color-background-color has-background has-border-color has-text-align-center wp-element-button\" href=\"https:\/\/www.external-cmo.de\/terminbuchung2\/\" style=\"border-color:#d0ccde;border-width:2px;border-radius:10px\" target=\"_blank\" rel=\" noreferrer noopener nofollow\"><strong>\ud83d\udd25<\/strong> Jetzt Fire Control\u2122 Erstgespr\u00e4ch buchen<\/a><\/div>\n<\/div>\n<\/div>\n<\/div>\n<\/div>\n\n\n\n<div class=\"wp-block-columns alignwide is-layout-flex wp-container-core-columns-is-layout-2 wp-block-columns-is-layout-flex\" style=\"margin-top:0px;margin-bottom:0px\">\n<div class=\"wp-block-column column-hover-color is-style-default wow animate__animated animate__flipInX has-primary-background-color has-background is-layout-flow wp-container-core-column-is-layout-3 wp-block-column-is-layout-flow\" style=\"border-style:none;border-width:0px;padding-top:var(--wp--preset--spacing--medium);padding-right:var(--wp--preset--spacing--medium);padding-bottom:var(--wp--preset--spacing--medium);padding-left:var(--wp--preset--spacing--medium)\">\n<div class=\"wp-block-group has-global-padding is-layout-constrained wp-container-core-group-is-layout-4 wp-block-group-is-layout-constrained\">\n<p class=\"has-highlight-color-color has-text-color has-medium-font-size\">\u2605 Zusammenf\u00fchrung, Neuaufstellung, Rollenklarheit \u2013 durch tempor\u00e4re F\u00fchrung<\/p>\n\n\n\n<h3 class=\"wp-block-heading has-secondary-color has-text-color has-link-color has-base-font-size wp-elements-65f59748beb13a43dab13c8c09917ffa\">Change-Projekte scheitern nicht an der Strategie, sondern an mangelnder F\u00fchrung.<br>Wenn Marketing &amp; Sales neu gedacht werden, wenn Bereiche verschmolzen oder Teams restrukturiert werden, braucht es jemanden, der F\u00fchrung \u00fcbernimmt \u2013 bevor innere Konflikte die Performance auffressen.<\/h3>\n<\/div>\n<\/div>\n\n\n\n<div class=\"wp-block-column column-hover-color is-style-column-box-shadow wow animate__animated animate__flipInX has-dark-grey-color-background-color has-background is-layout-flow wp-container-core-column-is-layout-4 wp-block-column-is-layout-flow\" style=\"border-style:none;border-width:0px;padding-top:var(--wp--preset--spacing--medium);padding-right:var(--wp--preset--spacing--medium);padding-bottom:var(--wp--preset--spacing--medium);padding-left:var(--wp--preset--spacing--medium)\">\n<div class=\"wp-block-group has-global-padding is-layout-constrained wp-container-core-group-is-layout-5 wp-block-group-is-layout-constrained\">\n<h3 class=\"wp-block-heading has-secondary-color has-text-color has-link-color has-base-font-size wp-elements-3552a552dfde531c5ad2dfbf638c6874\"><strong>Typische Szenarien:<\/strong><\/h3>\n\n\n\n<ul class=\"wp-block-list\">\n<li>Fusion zweier Abteilungen<\/li>\n\n\n\n<li>Re-Alignment von Vertrieb &amp; Marketing<\/li>\n\n\n\n<li>Politische Reibung zwischen alten und neuen Verantwortlichkeiten<\/li>\n<\/ul>\n\n\n\n<div class=\"wp-block-buttons alignwide is-content-justification-center is-layout-flex wp-container-core-buttons-is-layout-3 wp-block-buttons-is-layout-flex\">\n<div class=\"wp-block-button has-custom-width wp-block-button__width-100\"><a class=\"wp-block-button__link has-highlight-color-background-color has-background has-border-color has-text-align-center wp-element-button\" href=\"https:\/\/www.external-cmo.de\/terminbuchung2\/\" style=\"border-color:#d0ccde;border-width:2px;border-radius:10px\" target=\"_blank\" rel=\" noreferrer noopener nofollow\"><strong>\ud83d\udd25<\/strong> Jetzt Fire Control\u2122 Erstgespr\u00e4ch buchen<\/a><\/div>\n<\/div>\n<\/div>\n<\/div>\n<\/div>\n\n\n\n<div class=\"wp-block-columns alignwide is-layout-flex wp-container-core-columns-is-layout-3 wp-block-columns-is-layout-flex\" style=\"margin-top:0px;margin-bottom:0px\">\n<div class=\"wp-block-column column-hover-color is-style-default wow animate__animated animate__flipInX has-dark-grey-color-background-color has-background is-layout-flow wp-container-core-column-is-layout-5 wp-block-column-is-layout-flow\" style=\"border-style:none;border-width:0px;padding-top:var(--wp--preset--spacing--medium);padding-right:var(--wp--preset--spacing--medium);padding-bottom:var(--wp--preset--spacing--medium);padding-left:var(--wp--preset--spacing--medium)\">\n<div class=\"wp-block-group has-global-padding is-layout-constrained wp-container-core-group-is-layout-6 wp-block-group-is-layout-constrained\">\n<p class=\"has-highlight-color-color has-text-color has-medium-font-size\">\u2605 KI-Initiativen im Vertrieb und Marketing \u2013 begleitet durch Fire Control\u2122<\/p>\n\n\n\n<h3 class=\"wp-block-heading has-secondary-color has-text-color has-link-color has-base-font-size wp-elements-72f408f4401de394175bc2c2e3535427\">KI ist kein Allheilmittel \u2013 aber ein enormer Hebel, wenn die Organisation bereit daf\u00fcr ist.<br>Ich begleite KI-Projekte in der Anfangsphase, kl\u00e4re die Verantwortungsstruktur, richte Prozesse aus und nutze KI nicht als Buzzword, sondern als Instrument zur Entscheidungsverbesserung.<\/h3>\n<\/div>\n<\/div>\n\n\n\n<div class=\"wp-block-column column-hover-color is-style-column-box-shadow wow animate__animated animate__flipInX has-primary-background-color has-background is-layout-flow wp-container-core-column-is-layout-6 wp-block-column-is-layout-flow\" style=\"border-style:none;border-width:0px;padding-top:var(--wp--preset--spacing--medium);padding-right:var(--wp--preset--spacing--medium);padding-bottom:var(--wp--preset--spacing--medium);padding-left:var(--wp--preset--spacing--medium)\">\n<div class=\"wp-block-group has-global-padding is-layout-constrained wp-container-core-group-is-layout-7 wp-block-group-is-layout-constrained\">\n<h3 class=\"wp-block-heading has-secondary-color has-text-color has-link-color has-base-font-size wp-elements-3552a552dfde531c5ad2dfbf638c6874\"><strong>Typische Szenarien:<\/strong><\/h3>\n\n\n\n<ul class=\"wp-block-list\">\n<li>Einf\u00fchrung von KI-basierten Tools (z.\u202fB. CRM, Lead Management, Content-Systeme)<\/li>\n\n\n\n<li>Entwicklung einer KI-Strategie im Vertrieb\/Marketing<\/li>\n\n\n\n<li>Management des organisatorischen Change-Prozesses<\/li>\n<\/ul>\n\n\n\n<div class=\"wp-block-buttons alignwide is-content-justification-center is-layout-flex wp-container-core-buttons-is-layout-4 wp-block-buttons-is-layout-flex\">\n<div class=\"wp-block-button has-custom-width wp-block-button__width-100\"><a class=\"wp-block-button__link has-highlight-color-background-color has-background has-border-color has-text-align-center wp-element-button\" href=\"https:\/\/www.external-cmo.de\/terminbuchung2\/\" style=\"border-color:#d0ccde;border-width:2px;border-radius:10px\" target=\"_blank\" rel=\" noreferrer noopener nofollow\"><strong>\ud83d\udd25<\/strong> Jetzt Fire Control\u2122 Erstgespr\u00e4ch buchen<\/a><\/div>\n<\/div>\n<\/div>\n<\/div>\n<\/div>\n<\/div>\n<\/div>\n\n\n\n<div style=\"height:100px\" aria-hidden=\"true\" class=\"wp-block-spacer\"><\/div>\n\n\n\n<h2 class=\"wp-block-heading has-base-color has-text-color has-link-color wp-elements-845ca2bd50409f4bc66e314f21d5c3ed\">Ich arbeite mit Ihrem Team \u2013 nicht daneben.<\/h2>\n\n\n\n<p class=\"has-main-accent-color has-text-color has-link-color wp-elements-31a36d25fb3456dad75a28b96c359783\">Ich gehe dorthin, wo Unsicherheit und Verantwortungsvakuum herrschen.<br>Ich \u00fcbernehme \u2013 auf Zeit, aber mit voller Wirkung.<br>Ob f\u00fcr 3 Monate oder ein Jahr: Ich bringe Klarheit, Entscheidungsf\u00e4higkeit und Umsetzung in Strukturen, die sonst blockieren.<\/p>\n\n\n\n<p class=\"has-main-accent-color has-text-color has-link-color wp-elements-31e0756cdbbe3044edda10219d2b86e7\"><strong>Was Sie erwarten k\u00f6nnen:<\/strong><\/p>\n\n\n\n<div class=\"wp-block-columns wow animate__animated animate__fadeInRight has-main-accent-color is-layout-flex wp-container-core-columns-is-layout-4 wp-block-columns-is-layout-flex\">\n<div class=\"wp-block-column is-layout-flow wp-block-column-is-layout-flow\" style=\"flex-basis:50px\" id=\"wow-animate__animated-animate__fadeInLeft\">\n<figure class=\"wp-block-image size-full is-resized\" id=\"wow-animate__animated-animate__fadeInLeft\"><img loading=\"lazy\" decoding=\"async\" width=\"57\" height=\"53\" src=\"https:\/\/www.external-cmo.de\/wp-content\/uploads\/2024\/11\/haken.png\" alt=\"\" class=\"wp-image-1656\" style=\"width:44px;height:auto\"\/><\/figure>\n<\/div>\n\n\n\n<div class=\"wp-block-column is-layout-flow wp-block-column-is-layout-flow\" style=\"flex-basis:95%\">\n<p>Ergebnisorientierung, nicht Rhetorik<\/p>\n<\/div>\n<\/div>\n\n\n\n<div class=\"wp-block-columns wow animate__animated animate__fadeInLeft has-main-accent-color is-layout-flex wp-container-core-columns-is-layout-5 wp-block-columns-is-layout-flex\">\n<div class=\"wp-block-column is-layout-flow wp-block-column-is-layout-flow\" style=\"flex-basis:50px\" id=\"wow-animate__animated-animate__fadeInLeft\">\n<figure class=\"wp-block-image size-full is-resized\" id=\"wow-animate__animated-animate__fadeInLeft\"><img loading=\"lazy\" decoding=\"async\" width=\"57\" height=\"53\" src=\"https:\/\/www.external-cmo.de\/wp-content\/uploads\/2024\/11\/haken.png\" alt=\"\" class=\"wp-image-1656\" style=\"width:44px;height:auto\"\/><\/figure>\n<\/div>\n\n\n\n<div class=\"wp-block-column is-layout-flow wp-block-column-is-layout-flow\" style=\"flex-basis:95%\">\n<p>Klare Kommunikation<\/p>\n<\/div>\n<\/div>\n\n\n\n<div class=\"wp-block-columns wow animate__animated animate__fadeInRight has-main-accent-color is-layout-flex wp-container-core-columns-is-layout-6 wp-block-columns-is-layout-flex\">\n<div class=\"wp-block-column is-layout-flow wp-block-column-is-layout-flow\" style=\"flex-basis:50px\" id=\"wow-animate__animated-animate__fadeInLeft\">\n<figure class=\"wp-block-image size-full is-resized\" id=\"wow-animate__animated-animate__fadeInLeft\"><img loading=\"lazy\" decoding=\"async\" width=\"57\" height=\"53\" src=\"https:\/\/www.external-cmo.de\/wp-content\/uploads\/2024\/11\/haken.png\" alt=\"\" class=\"wp-image-1656\" style=\"width:44px;height:auto\"\/><\/figure>\n<\/div>\n\n\n\n<div class=\"wp-block-column is-layout-flow wp-block-column-is-layout-flow\" style=\"flex-basis:95%\">\n<p>Stabile Prozesse<\/p>\n<\/div>\n<\/div>\n\n\n\n<div class=\"wp-block-columns wow animate__animated animate__fadeInLeft has-main-accent-color is-layout-flex wp-container-core-columns-is-layout-7 wp-block-columns-is-layout-flex\">\n<div class=\"wp-block-column is-layout-flow wp-block-column-is-layout-flow\" style=\"flex-basis:50px\" id=\"wow-animate__animated-animate__fadeInLeft\">\n<figure class=\"wp-block-image size-full is-resized\" id=\"wow-animate__animated-animate__fadeInLeft\"><img loading=\"lazy\" decoding=\"async\" width=\"57\" height=\"53\" src=\"https:\/\/www.external-cmo.de\/wp-content\/uploads\/2024\/11\/haken.png\" alt=\"\" class=\"wp-image-1656\" style=\"width:44px;height:auto\"\/><\/figure>\n<\/div>\n\n\n\n<div class=\"wp-block-column is-layout-flow wp-block-column-is-layout-flow\" style=\"flex-basis:95%\">\n<p>F\u00fchrung, die entlastet \u2013 nicht belastet<\/p>\n<\/div>\n<\/div>\n\n\n\n<div style=\"height:100px\" aria-hidden=\"true\" class=\"wp-block-spacer\"><\/div>\n\n\n\n<h3 class=\"wp-block-heading has-text-align-center has-base-color has-text-color has-link-color wp-elements-ec5cc3f3fa03291376f1123055163833\">Wenn Sie wissen wollen, ob Fire Control\u2122 das richtige Format f\u00fcr Ihre aktuelle Herausforderung ist \u2013 lassen Sie uns sprechen.<\/h3>\n\n\n\n<div class=\"wp-block-buttons alignwide is-content-justification-center is-layout-flex wp-container-core-buttons-is-layout-5 wp-block-buttons-is-layout-flex\">\n<div class=\"wp-block-button has-custom-width wp-block-button__width-50 is-style-fill wow animate__animated animate__bounce\"><a class=\"wp-block-button__link has-highlight-color-background-color has-background has-border-color has-text-align-center wp-element-button\" href=\"https:\/\/www.external-cmo.de\/terminbuchung2\/\" style=\"border-color:#d0ccde;border-width:2px;border-radius:10px\" target=\"_blank\" rel=\" noreferrer noopener nofollow\"><strong>\ud83d\udd25<\/strong> Jetzt Fire Control\u2122 Erstgespr\u00e4ch buchen<\/a><\/div>\n<\/div>\n\n\n\n<div class=\"wp-block-group alignfull feature-boxes is-style-default has-global-padding is-layout-constrained wp-container-core-group-is-layout-10 wp-block-group-is-layout-constrained has-background\" style=\"margin-top:0px;padding-top:0;padding-right:var(--wp--preset--spacing--medium);padding-bottom:0;padding-left:var(--wp--preset--spacing--medium);background-image:url(&#039;https:\/\/demo.wpwheels.com\/wpentrepreneur\/wp-content\/themes\/entrepreneurship\/patterns\/images\/bg-texture.webp&#039;);background-size:cover;\"><\/div>\n","protected":false},"excerpt":{"rendered":"<p>Ich bin kein Anbieter. Ich bin F\u00fchrungsverst\u00e4rker auf Zeit \u2013 wenn Strukturen versagen. Ob es um die \u00dcberbr\u00fcckung einer vakanten F\u00fchrungsrolle, die Umsetzung einer KI-Initiative oder die Zusammenf\u00fchrung zweier Abteilungen geht:Ich \u00fcbernehme Verantwortung \u2013 mit Klartext, Struktur und F\u00fchrung auf Augenh\u00f6he. Fire Control\u2122 ist mein Ansatz f\u00fcr Organisationen, die blockiert sind, \u00fcberfordert oder am Wendepunkt.Kein [&hellip;]<\/p>\n","protected":false},"author":1,"featured_media":0,"parent":0,"menu_order":0,"comment_status":"closed","ping_status":"closed","template":"page-no-title","meta":{"content-type":"","_surecart_dashboard_logo_width":"180px","_surecart_dashboard_show_logo":true,"_surecart_dashboard_navigation_orders":true,"_surecart_dashboard_navigation_invoices":true,"_surecart_dashboard_navigation_subscriptions":true,"_surecart_dashboard_navigation_downloads":true,"_surecart_dashboard_navigation_billing":true,"_surecart_dashboard_navigation_account":true,"_monsterinsights_skip_tracking":false,"_monsterinsights_sitenote_active":false,"_monsterinsights_sitenote_note":"","_monsterinsights_sitenote_category":0,"footnotes":""},"class_list":["post-77","page","type-page","status-publish","hentry"],"_links":{"self":[{"href":"https:\/\/www.external-cmo.de\/de\/wp-json\/wp\/v2\/pages\/77","targetHints":{"allow":["GET"]}}],"collection":[{"href":"https:\/\/www.external-cmo.de\/de\/wp-json\/wp\/v2\/pages"}],"about":[{"href":"https:\/\/www.external-cmo.de\/de\/wp-json\/wp\/v2\/types\/page"}],"author":[{"embeddable":true,"href":"https:\/\/www.external-cmo.de\/de\/wp-json\/wp\/v2\/users\/1"}],"replies":[{"embeddable":true,"href":"https:\/\/www.external-cmo.de\/de\/wp-json\/wp\/v2\/comments?post=77"}],"version-history":[{"count":69,"href":"https:\/\/www.external-cmo.de\/de\/wp-json\/wp\/v2\/pages\/77\/revisions"}],"predecessor-version":[{"id":2353,"href":"https:\/\/www.external-cmo.de\/de\/wp-json\/wp\/v2\/pages\/77\/revisions\/2353"}],"wp:attachment":[{"href":"https:\/\/www.external-cmo.de\/de\/wp-json\/wp\/v2\/media?parent=77"}],"curies":[{"name":"wp","href":"https:\/\/api.w.org\/{rel}","templated":true}]}}