{"id":2472,"date":"2025-07-28T15:01:49","date_gmt":"2025-07-28T15:01:49","guid":{"rendered":"https:\/\/www.external-cmo.de\/?page_id=2472"},"modified":"2025-07-28T15:17:57","modified_gmt":"2025-07-28T15:17:57","slug":"ki-umsetzungspaket","status":"publish","type":"page","link":"https:\/\/www.external-cmo.de\/de\/ki-umsetzungspaket\/","title":{"rendered":"KI Umsetzungspaket"},"content":{"rendered":"\n<h2 class=\"wp-block-heading has-main-accent-color\">Vom Use Case zur echten Anwendung &#8211;<mark style=\"background-color:rgba(0, 0, 0, 0)\" class=\"has-inline-color has-highlight-color-color\"> KI, die wirkt. <\/mark><\/h2>\n\n\n\n<blockquote class=\"wp-block-quote is-layout-flow wp-block-quote-is-layout-flow\">\n<p class=\"has-main-accent-color\"><em>Das Umsetzungspaket f\u00fcr Unternehmen, die jetzt starten wollen.<\/em><\/p>\n<\/blockquote>\n\n\n\n<h3 class=\"wp-block-heading has-main-accent-color\">Viele Unternehmen haben erste KI-Ideen \u2013 aber z\u00f6gern mit dem n\u00e4chsten Schritt.<\/h3>\n\n\n\n<p class=\"has-main-accent-color\">Sie haben einen oder mehrere potenzielle Anwendungsf\u00e4lle. Vielleicht wurde schon dar\u00fcber diskutiert, vielleicht sogar ein Plan entworfen. Aber:<\/p>\n\n\n\n<ul class=\"wp-block-list\">\n<li class=\"has-main-accent-color\"><strong>Wer entscheidet, welcher Use Case zuerst kommt?<\/strong><\/li>\n\n\n\n<li class=\"has-main-accent-color\"><strong>Wie pr\u00fcfen wir, ob unsere Daten wirklich reichen?<\/strong><\/li>\n\n\n\n<li class=\"has-main-accent-color\"><strong>Wer steuert den Prototyp \u2013 und wie sieht \u201eErfolg\u201c aus?<\/strong><\/li>\n\n\n\n<li class=\"has-main-accent-color\"><strong>Wie nehmen wir die Fachabteilungen mit \u2013 statt sie zu \u00fcberfordern?<\/strong><\/li>\n<\/ul>\n\n\n\n<p class=\"has-main-accent-color\">Was jetzt fehlt, ist nicht Technologie.<br><strong>Was fehlt, ist F\u00fchrung. Und Umsetzungskompetenz.<\/strong><\/p>\n\n\n\n<h3 class=\"wp-block-heading has-main-accent-color\">Das Paket: <strong>\u201eKI-Umsetzung \u2013 von der Idee zur Realit\u00e4t\u201c<\/strong><\/h3>\n\n\n\n<p class=\"has-main-accent-color\"><strong>Was wir gemeinsam umsetzen:<\/strong><\/p>\n\n\n\n<div class=\"wp-block-group is-vertical is-layout-flex wp-container-core-group-is-layout-1 wp-block-group-is-layout-flex\" style=\"margin-top:0;margin-bottom:0;padding-right:0;padding-left:0\">\n<div class=\"wp-block-columns wow animate__animated animate__fadeInRight has-main-accent-color is-layout-flex wp-container-core-columns-is-layout-1 wp-block-columns-is-layout-flex\">\n<div class=\"wp-block-column is-layout-flow wp-block-column-is-layout-flow\" style=\"flex-basis:50px\" id=\"wow-animate__animated-animate__fadeInLeft\">\r\n\n<figure class=\"wp-block-image size-full is-resized\" id=\"wow-animate__animated-animate__fadeInLeft\"><img loading=\"lazy\" decoding=\"async\" width=\"57\" height=\"53\" src=\"https:\/\/www.external-cmo.de\/wp-content\/uploads\/2024\/11\/haken.png\" alt=\"\" class=\"wp-image-1656\" style=\"width:44px;height:auto\"\/><\/figure>\n\n\r\n<\/div>\n\n\n\n<div class=\"wp-block-column is-layout-flow wp-block-column-is-layout-flow\" style=\"flex-basis:95%\">\n<p><strong>Pilotprojekt w\u00e4hlen &amp; planen<\/strong><br>\u2003\u2013 Bewertungsworkshop der priorisierten Use Cases<br>\u2003\u2013 Entscheidung f\u00fcr den Pilotfall mit Quick-Win-Charakter<br>\u2003\u2013 Detaillierter Meilensteinplan inkl. Verantwortlichkeiten &amp; Ressourcen<\/p>\n<\/div>\n<\/div>\n\n\n\n<div class=\"wp-block-columns wow animate__animated animate__fadeInLeft has-main-accent-color is-layout-flex wp-container-core-columns-is-layout-2 wp-block-columns-is-layout-flex\">\n<div class=\"wp-block-column is-layout-flow wp-block-column-is-layout-flow\" style=\"flex-basis:50px\" id=\"wow-animate__animated-animate__fadeInLeft\">\r\n\n<figure class=\"wp-block-image size-full is-resized\" id=\"wow-animate__animated-animate__fadeInLeft\"><img loading=\"lazy\" decoding=\"async\" width=\"57\" height=\"53\" src=\"https:\/\/www.external-cmo.de\/wp-content\/uploads\/2024\/11\/haken.png\" alt=\"\" class=\"wp-image-1656\" style=\"width:44px;height:auto\"\/><\/figure>\n\n\r\n<\/div>\n\n\n\n<div class=\"wp-block-column is-layout-flow wp-block-column-is-layout-flow\" style=\"flex-basis:95%\">\n<p><strong><strong>Datenpr\u00fcfung &amp; Machbarkeit analysieren<\/strong><br>\u2003\u2013 Verf\u00fcgbarkeit, Qualit\u00e4t &amp; L\u00fccken<br>\u2003\u2013 Empfehlungen zur Datennachr\u00fcstung<br>\u2003\u2013 Optional: Externer Datenanalyst (bereits angebunden)<\/strong><\/p>\n<\/div>\n<\/div>\n\n\n\n<div class=\"wp-block-columns wow animate__animated animate__fadeInRight has-main-accent-color is-layout-flex wp-container-core-columns-is-layout-3 wp-block-columns-is-layout-flex\">\n<div class=\"wp-block-column is-layout-flow wp-block-column-is-layout-flow\" style=\"flex-basis:50px\" id=\"wow-animate__animated-animate__fadeInLeft\">\r\n\n<figure class=\"wp-block-image size-full is-resized\" id=\"wow-animate__animated-animate__fadeInLeft\"><img loading=\"lazy\" decoding=\"async\" width=\"57\" height=\"53\" src=\"https:\/\/www.external-cmo.de\/wp-content\/uploads\/2024\/11\/haken.png\" alt=\"\" class=\"wp-image-1656\" style=\"width:44px;height:auto\"\/><\/figure>\n\n\r\n<\/div>\n\n\n\n<div class=\"wp-block-column is-layout-flow wp-block-column-is-layout-flow\" style=\"flex-basis:95%\">\n<p><strong><strong>Prototyp entwickeln<\/strong><br>\u2003\u2013 Auswahl passender KI-Technologie \/ Tools<br>\u2003\u2013 Zusammenarbeit mit etablierten Entwicklern &amp; Anbietern<br>\u2003\u2013 Test &amp; Optimierung gemeinsam mit Ihren Fachabteilungen<br>\u2003\u2013 Dokumentierte Ergebnisse &amp; Entscheidungskriterien f\u00fcr Skalierung<\/strong><\/p>\n<\/div>\n<\/div>\n\n\n\n<div class=\"wp-block-columns wow animate__animated animate__fadeInLeft has-main-accent-color is-layout-flex wp-container-core-columns-is-layout-4 wp-block-columns-is-layout-flex\">\n<div class=\"wp-block-column is-layout-flow wp-block-column-is-layout-flow\" style=\"flex-basis:50px\" id=\"wow-animate__animated-animate__fadeInLeft\">\r\n\n<figure class=\"wp-block-image size-full is-resized\" id=\"wow-animate__animated-animate__fadeInLeft\"><img loading=\"lazy\" decoding=\"async\" width=\"57\" height=\"53\" src=\"https:\/\/www.external-cmo.de\/wp-content\/uploads\/2024\/11\/haken.png\" alt=\"\" class=\"wp-image-1656\" style=\"width:44px;height:auto\"\/><\/figure>\n\n\r\n<\/div>\n\n\n\n<div class=\"wp-block-column is-layout-flow wp-block-column-is-layout-flow\" style=\"flex-basis:95%\">\n<p><strong><strong>KI-Strategie parallel entwickeln<\/strong><br>\u2003\u2013 Rollen, Prozesse, Governance &amp; Skalierungsplan<br>\u2003\u2013 Verzahnung mit Unternehmensstrategie<\/strong><\/p>\n<\/div>\n<\/div>\n\n\n\n<div class=\"wp-block-columns wow animate__animated animate__fadeInRight has-main-accent-color is-layout-flex wp-container-core-columns-is-layout-5 wp-block-columns-is-layout-flex\">\n<div class=\"wp-block-column is-layout-flow wp-block-column-is-layout-flow\" style=\"flex-basis:50px\" id=\"wow-animate__animated-animate__fadeInLeft\">\r\n\n<figure class=\"wp-block-image size-full is-resized\" id=\"wow-animate__animated-animate__fadeInLeft\"><img loading=\"lazy\" decoding=\"async\" width=\"57\" height=\"53\" src=\"https:\/\/www.external-cmo.de\/wp-content\/uploads\/2024\/11\/haken.png\" alt=\"\" class=\"wp-image-1656\" style=\"width:44px;height:auto\"\/><\/figure>\n\n\r\n<\/div>\n\n\n\n<div class=\"wp-block-column is-layout-flow wp-block-column-is-layout-flow\" style=\"flex-basis:95%\">\n<p><strong>Change Management &amp; Mitarbeiterschulung<\/strong><br>\u2003\u2013 Schulung der betroffenen Teams<br>\u2003\u2013 Change-Kommunikation und Integration in den Alltag<br>\u2003\u2013 Aufbau interner KI-Verantwortung (\u201eKI Champion\u201c)<\/p>\n<\/div>\n<\/div>\n\n\n\n<div class=\"wp-block-columns wow animate__animated animate__fadeInLeft has-main-accent-color is-layout-flex wp-container-core-columns-is-layout-6 wp-block-columns-is-layout-flex\">\n<div class=\"wp-block-column is-layout-flow wp-block-column-is-layout-flow\" style=\"flex-basis:50px\" id=\"wow-animate__animated-animate__fadeInLeft\">\r\n\n<figure class=\"wp-block-image size-full is-resized\" id=\"wow-animate__animated-animate__fadeInLeft\"><img loading=\"lazy\" decoding=\"async\" width=\"57\" height=\"53\" src=\"https:\/\/www.external-cmo.de\/wp-content\/uploads\/2024\/11\/haken.png\" alt=\"\" class=\"wp-image-1656\" style=\"width:44px;height:auto\"\/><\/figure>\n\n\r\n<\/div>\n\n\n\n<div class=\"wp-block-column is-layout-flow wp-block-column-is-layout-flow\" style=\"flex-basis:95%\">\n<p><strong><strong>Wirkungsmessung &amp; Auswertung<\/strong><br>\u2003\u2013 Nach dem Live-Test: Was funktioniert?<br>\u2003\u2013 Was muss angepasst werden?<br>\u2003\u2013 Entscheidung zur Weiterentwicklung oder zum n\u00e4chsten Use Case<\/strong><\/p>\n<\/div>\n<\/div>\n<\/div>\n\n\n\n<p class=\"has-main-accent-color\"><strong>Zielgruppe:<br><\/strong>Unternehmen mit priorisiertem KI-Use Case, die in die reale Umsetzung gehen wollen \u2013<br>aber keine internen Strukturen oder Ressourcen zur Steuerung haben.<\/p>\n\n\n\n<p class=\"has-main-accent-color\">Format:<\/p>\n\n\n\n<ul class=\"wp-block-list\">\n<li class=\"has-main-accent-color\">Start-Workshop zur Projektpriorisierung<\/li>\n\n\n\n<li class=\"has-main-accent-color\">Gesamtdauer: 4\u20138 Wochen (abh\u00e4ngig vom Use Case)<\/li>\n\n\n\n<li class=\"has-main-accent-color\">Steuerung, Dokumentation &amp; Koordination durch Roger Kautz<\/li>\n\n\n\n<li class=\"has-main-accent-color\">Externe Experten aus dem Netzwerk (Data Analysts, Entwickler) werden eingebunden<\/li>\n<\/ul>\n\n\n\n<p class=\"has-main-accent-color\"><strong>Investition:<br>ab 16.800\u202f\u20ac netto (modular aufbaubar)<\/strong><br>inkl. Projektsteuerung, Workshops, Doku<br>externe Leistungen nach Aufwand<\/p>\n\n\n\n<h2 class=\"wp-block-heading has-main-accent-color\">Warum mit mir?<\/h2>\n\n\n\n<p class=\"has-main-accent-color\">Ich f\u00fchre technische Unternehmen durch Ver\u00e4nderung \u2013 nicht durch PDFs.<br>Ich bringe Klarheit in komplexe Organisationen \u2013 und Struktur in KI-Projekte.<br>Ich \u00fcbernehme Verantwortung, wo andere Tools liefern.<\/p>\n\n\n\n<p class=\"has-main-accent-color\"><strong>KI wirkt nur, wenn sie gef\u00fchrt wird.<\/strong><\/p>\n\n\n\n<h2 class=\"wp-block-heading has-text-align-center has-main-accent-color\">Jetzt Termin anfragen:<br>oder einfach per E-Mail an kautz@external-cmo.de<\/h2>\n\n\n\n<div class=\"wp-block-buttons alignwide is-content-justification-center is-layout-flex wp-container-core-buttons-is-layout-1 wp-block-buttons-is-layout-flex\">\n<div class=\"wp-block-button has-custom-width wp-block-button__width-50 is-style-fill wow animate__animated animate__bounce\"><a class=\"wp-block-button__link has-highlight-color-background-color has-background has-border-color has-text-align-center wp-element-button\" href=\"https:\/\/www.external-cmo.de\/anfrage-ki-pakete\/\" style=\"border-color:#d0ccde;border-width:2px;border-radius:10px\"><strong>\ud83d\udd25<\/strong> Jetzt: Terminanfrage f\u00fcr KI Umsetzungspaket<\/a><\/div>\n<\/div>\n\n\n\n<p><\/p>\n","protected":false},"excerpt":{"rendered":"<p>Vom Use Case zur echten Anwendung &#8211; KI, die wirkt. Das Umsetzungspaket f\u00fcr Unternehmen, die jetzt starten wollen. Viele Unternehmen haben erste KI-Ideen \u2013 aber z\u00f6gern mit dem n\u00e4chsten Schritt. Sie haben einen oder mehrere potenzielle Anwendungsf\u00e4lle. Vielleicht wurde schon dar\u00fcber diskutiert, vielleicht sogar ein Plan entworfen. Aber: Was jetzt fehlt, ist nicht Technologie.Was fehlt, [&hellip;]<\/p>\n","protected":false},"author":1,"featured_media":0,"parent":0,"menu_order":0,"comment_status":"closed","ping_status":"closed","template":"page-no-title","meta":{"content-type":"","_surecart_dashboard_logo_width":"180px","_surecart_dashboard_show_logo":true,"_surecart_dashboard_navigation_orders":true,"_surecart_dashboard_navigation_invoices":true,"_surecart_dashboard_navigation_subscriptions":true,"_surecart_dashboard_navigation_downloads":true,"_surecart_dashboard_navigation_billing":true,"_surecart_dashboard_navigation_account":true,"_monsterinsights_skip_tracking":false,"_monsterinsights_sitenote_active":false,"_monsterinsights_sitenote_note":"","_monsterinsights_sitenote_category":0,"footnotes":""},"class_list":["post-2472","page","type-page","status-publish","hentry"],"_links":{"self":[{"href":"https:\/\/www.external-cmo.de\/de\/wp-json\/wp\/v2\/pages\/2472","targetHints":{"allow":["GET"]}}],"collection":[{"href":"https:\/\/www.external-cmo.de\/de\/wp-json\/wp\/v2\/pages"}],"about":[{"href":"https:\/\/www.external-cmo.de\/de\/wp-json\/wp\/v2\/types\/page"}],"author":[{"embeddable":true,"href":"https:\/\/www.external-cmo.de\/de\/wp-json\/wp\/v2\/users\/1"}],"replies":[{"embeddable":true,"href":"https:\/\/www.external-cmo.de\/de\/wp-json\/wp\/v2\/comments?post=2472"}],"version-history":[{"count":5,"href":"https:\/\/www.external-cmo.de\/de\/wp-json\/wp\/v2\/pages\/2472\/revisions"}],"predecessor-version":[{"id":2482,"href":"https:\/\/www.external-cmo.de\/de\/wp-json\/wp\/v2\/pages\/2472\/revisions\/2482"}],"wp:attachment":[{"href":"https:\/\/www.external-cmo.de\/de\/wp-json\/wp\/v2\/media?parent=2472"}],"curies":[{"name":"wp","href":"https:\/\/api.w.org\/{rel}","templated":true}]}}