{"id":2232,"date":"2025-04-01T13:07:19","date_gmt":"2025-04-01T13:07:19","guid":{"rendered":"https:\/\/www.external-cmo.de\/?page_id=2232"},"modified":"2025-07-28T15:06:58","modified_gmt":"2025-07-28T15:06:58","slug":"ki-pakete","status":"publish","type":"page","link":"https:\/\/www.external-cmo.de\/de\/ki-pakete\/","title":{"rendered":"KI-Pakete"},"content":{"rendered":"\n<h2 class=\"wp-block-heading has-text-align-left wow animate__animated animate__bounce has-secondary-color has-text-color has-link-color wp-elements-466695c41be880b158e3292d04eb3ef0\">KI einf\u00fchren<mark style=\"background-color:rgba(0, 0, 0, 0)\" class=\"has-inline-color has-highlight-color-color\"> ohne F\u00fchrung ist wie Fliegen ohne Steuerung. <\/mark><\/h2>\n\n\n\n<blockquote class=\"wp-block-quote is-layout-flow wp-block-quote-is-layout-flow\">\n<p class=\"has-base-color has-text-color has-link-color wp-elements-3836be1da41e729f80fe07c4867e598f\">KI kann Prozesse beschleunigen, Entscheidungen verbessern und neue Gesch\u00e4ftspotenziale freilegen.<br>Aber nur, wenn die Organisation bereit daf\u00fcr ist \u2013 strukturell, personell, kulturell.<\/p>\n\n\n\n<p class=\"has-base-color has-text-color has-link-color wp-elements-ff171266092e74e73065f1eff5b7dba3\">Deshalb sind meine KI-Pakete keine Beratungsprodukte.<strong> Sie sind Bausteine f\u00fcr echte Transformation \u2013 mit F\u00fchrung, Verantwortung und Wirkung.<\/strong><\/p>\n<\/blockquote>\n\n\n\n<div class=\"wp-block-group alignwide is-vertical is-content-justification-center is-layout-flex wp-container-core-group-is-layout-4 wp-block-group-is-layout-flex\">\n<div class=\"wp-block-columns alignwide is-layout-flex wp-container-core-columns-is-layout-3 wp-block-columns-is-layout-flex\" style=\"margin-top:0px;margin-bottom:0px\">\n<div class=\"wp-block-column column-hover-color is-style-default wow animate__animated animate__flipInX has-primary-background-color has-background is-layout-flow wp-container-core-column-is-layout-3 wp-block-column-is-layout-flow\" style=\"border-style:none;border-width:0px;padding-top:var(--wp--preset--spacing--medium);padding-right:var(--wp--preset--spacing--medium);padding-bottom:var(--wp--preset--spacing--medium);padding-left:var(--wp--preset--spacing--medium)\">\n<div class=\"wp-block-columns is-layout-flex wp-container-core-columns-is-layout-1 wp-block-columns-is-layout-flex\">\n<div class=\"wp-block-column is-layout-flow wp-block-column-is-layout-flow\">\n<figure class=\"wp-block-image size-full\"><img loading=\"lazy\" decoding=\"async\" width=\"400\" height=\"702\" src=\"https:\/\/www.external-cmo.de\/wp-content\/uploads\/2024\/11\/portrait-angebot1-1.png\" alt=\"\" class=\"wp-image-2071\" style=\"object-fit:cover\" srcset=\"https:\/\/external-cmo.de\/wp-content\/uploads\/2024\/11\/portrait-angebot1-1.png 400w, https:\/\/external-cmo.de\/wp-content\/uploads\/2024\/11\/portrait-angebot1-1-171x300.png 171w\" sizes=\"auto, (max-width: 400px) 100vw, 400px\" \/><\/figure>\n<\/div>\n\n\n\n<div class=\"wp-block-column is-layout-flow wp-block-column-is-layout-flow\">\n<p class=\"has-text-align-left has-base-color has-text-color has-link-color has-medium-font-size wp-elements-601b0edb729a0cdbd3bb2f257f420f5b\"><br><strong>Fire Control\u2122 ist keine Beratung. <\/strong><\/p>\n\n\n\n<p class=\"has-text-align-left has-base-color has-text-color has-link-color has-medium-font-size wp-elements-3ca239c323ea07ff237379dcf80f1ffc\"><strong>Es ist F\u00fchrungsverantwortung auf Zeit.<\/strong><\/p>\n<\/div>\n<\/div>\n\n\n\n<div class=\"wp-block-buttons is-layout-flex wp-block-buttons-is-layout-flex\">\n<div class=\"wp-block-button has-custom-width wp-block-button__width-100\"><a class=\"wp-block-button__link has-border-color wp-element-button\" href=\"https:\/\/www.external-cmo.de\/fire-control\/\" style=\"border-color:#a1a3a2;border-width:2px;border-radius:10px\"><strong>\ud83d\udd25<\/strong> Mehr \u00fcber meine F\u00fchrungslogik<br>Fire Control\u2122 entdecken<\/a><\/div>\n<\/div>\n<\/div>\n\n\n\n<div class=\"wp-block-column column-hover-color is-style-default wow animate__animated animate__flipInX has-dark-grey-color-background-color has-background is-layout-flow wp-container-core-column-is-layout-6 wp-block-column-is-layout-flow\" style=\"border-style:none;border-width:0px;padding-top:var(--wp--preset--spacing--medium);padding-right:var(--wp--preset--spacing--medium);padding-bottom:var(--wp--preset--spacing--medium);padding-left:var(--wp--preset--spacing--medium)\">\n<div class=\"wp-block-group has-global-padding is-layout-constrained wp-container-core-group-is-layout-1 wp-block-group-is-layout-constrained\">\n<p class=\"has-highlight-color-color has-text-color has-large-font-size\">\u2605 KI verstehen ohne Hype. F\u00fcr Entscheider im Mittelstand<\/p>\n\n\n\n<h3 class=\"wp-block-heading has-secondary-color has-text-color has-link-color has-base-font-size wp-elements-11e5882d2f88e3400fc5ed24270b858a\">Ein Klartext-Workshop f\u00fcr F\u00fchrungskr\u00e4fte<\/h3>\n\n\n\n<div class=\"wp-block-columns is-layout-flex wp-container-core-columns-is-layout-2 wp-block-columns-is-layout-flex\">\n<div class=\"wp-block-column is-layout-flow wp-block-column-is-layout-flow\">\n<p><em> <\/em>Zielgruppe<\/p>\n\n\n\n<p>F\u00fchrungkr\u00e4fte und Unternehmen im Mittelstand ohne gro\u00dfe KI-Erfahrung (Einsteiger)<\/p>\n\n\n\n<p>Nutzenversprechen:<\/p>\n\n\n\n<p>Klarheit, Orientierung, Einstieg ohne Risiko<br><\/p>\n<\/div>\n\n\n\n<div class=\"wp-block-column is-layout-flow wp-block-column-is-layout-flow\">\n<p>Inhalte:<\/p>\n\n\n\n<ul class=\"wp-block-list\">\n<li>Solide Einf\u00fchrung in die Realit\u00e4t von KI<\/li>\n\n\n\n<li>Relevante Anwendungsbeispiele <\/li>\n\n\n\n<li>Klartext zum EU AI Act <\/li>\n\n\n\n<li>Diskussion Ihrer aktuellen Situation <\/li>\n\n\n\n<li>Praxisempfehlungen f\u00fcr <strong>einen risikofreien Einstieg in Ihrem Unternehmen<\/strong><\/li>\n<\/ul>\n<\/div>\n<\/div>\n\n\n\n<div class=\"wp-block-buttons alignwide is-content-justification-space-between is-layout-flex wp-container-core-buttons-is-layout-2 wp-block-buttons-is-layout-flex\">\n<div class=\"wp-block-button has-custom-width wp-block-button__width-100 is-style-fill wow animate__animated animate__bounce\"><a class=\"wp-block-button__link has-highlight-color-background-color has-background has-border-color has-text-align-center wp-element-button\" href=\"https:\/\/www.external-cmo.de\/ki-klartext-workshop\/\" style=\"border-color:#d0ccde;border-width:2px;border-radius:10px\">\ud83d\udc49 Mehr Infos zum KI Klartext-Workshop<\/a><\/div>\n<\/div>\n<\/div>\n<\/div>\n<\/div>\n\n\n\n<div class=\"wp-block-columns alignwide is-layout-flex wp-container-core-columns-is-layout-6 wp-block-columns-is-layout-flex\" style=\"margin-top:0px;margin-bottom:0px\">\n<div class=\"wp-block-column column-hover-color is-style-default wow animate__animated animate__flipInX has-dark-grey-color-background-color has-background is-layout-flow wp-container-core-column-is-layout-9 wp-block-column-is-layout-flow\" style=\"border-style:none;border-width:0px;padding-top:var(--wp--preset--spacing--medium);padding-right:var(--wp--preset--spacing--medium);padding-bottom:var(--wp--preset--spacing--medium);padding-left:var(--wp--preset--spacing--medium)\">\n<div class=\"wp-block-group has-global-padding is-layout-constrained wp-container-core-group-is-layout-2 wp-block-group-is-layout-constrained\">\n<p class=\"has-highlight-color-color has-text-color has-large-font-size\">\u2605 K\u00fcnstliche Intelligenz im Unternehmen mit System.<\/p>\n\n\n\n<h3 class=\"wp-block-heading has-secondary-color has-text-color has-link-color has-base-font-size wp-elements-17a034ce39ea91dfda96938cbe0f4757\">Das Orientierungspaket f\u00fcr Entscheider im technischen Mittelstand<\/h3>\n\n\n\n<div class=\"wp-block-columns is-layout-flex wp-container-core-columns-is-layout-4 wp-block-columns-is-layout-flex\">\n<div class=\"wp-block-column is-layout-flow wp-block-column-is-layout-flow\">\n<p><em> <\/em>Zielgruppe:<\/p>\n\n\n\n<p>Unternehmen mit ersten \u00dcberlegungen, aber ohne System<\/p>\n\n\n\n<p>Nutzenversprechen:<\/p>\n\n\n\n<p>Struktur, Priorit\u00e4ten, Use-Cases mit Business Impact<\/p>\n<\/div>\n\n\n\n<div class=\"wp-block-column is-layout-flow wp-block-column-is-layout-flow\">\n<p>Inhalte:<\/p>\n\n\n\n<ul class=\"wp-block-list\">\n<li>Sondierungs-Workshop <\/li>\n\n\n\n<li>Interviews mit Schl\u00fcsselpersonen<\/li>\n\n\n\n<li>Bewertung interner Voraussetzungen<\/li>\n\n\n\n<li>Bewertung von Use Cases<\/li>\n\n\n\n<li>Auswahl von  Anwendungsf\u00e4llen<\/li>\n\n\n\n<li>Meilensteinplan<\/li>\n<\/ul>\n<\/div>\n<\/div>\n\n\n\n<div class=\"wp-block-buttons alignwide is-content-justification-space-between is-layout-flex wp-container-core-buttons-is-layout-3 wp-block-buttons-is-layout-flex\">\n<div class=\"wp-block-button has-custom-width wp-block-button__width-100 is-style-fill wow animate__animated animate__bounce\"><a class=\"wp-block-button__link has-highlight-color-background-color has-background has-border-color has-text-align-center wp-element-button\" href=\"https:\/\/www.external-cmo.de\/ki-orientierungspaket\/\" style=\"border-color:#d0ccde;border-width:2px;border-radius:10px\">\ud83d\udc49 Mehr Infos zum Orientierungspaket<\/a><\/div>\n<\/div>\n<\/div>\n<\/div>\n\n\n\n<div class=\"wp-block-column column-hover-color is-style-default wow animate__animated animate__flipInX has-primary-background-color has-background is-layout-flow wp-container-core-column-is-layout-12 wp-block-column-is-layout-flow\" style=\"border-style:none;border-width:0px;padding-top:var(--wp--preset--spacing--medium);padding-right:var(--wp--preset--spacing--medium);padding-bottom:var(--wp--preset--spacing--medium);padding-left:var(--wp--preset--spacing--medium)\">\n<div class=\"wp-block-group has-global-padding is-layout-constrained wp-container-core-group-is-layout-3 wp-block-group-is-layout-constrained\">\n<p class=\"has-highlight-color-color has-text-color has-large-font-size\">\u2605 Vom Use Case zur echten Anwendung \u2013 KI, die wirkt.<\/p>\n\n\n\n<h3 class=\"wp-block-heading has-secondary-color has-text-color has-link-color has-base-font-size wp-elements-6e33e4f47edd23d795035ba1aa26fd11\">Das Umsetzungspaket f\u00fcr Unternehmen, die jetzt starten wollen.<\/h3>\n\n\n\n<div class=\"wp-block-columns is-layout-flex wp-container-core-columns-is-layout-5 wp-block-columns-is-layout-flex\">\n<div class=\"wp-block-column is-layout-flow wp-block-column-is-layout-flow\">\n<p><em> <\/em>Zielgruppe:<\/p>\n\n\n\n<p>Unternehmen, die ein konkretes Pilotprojekt starten wollen<\/p>\n\n\n\n<p>Nutzenversprechen:<\/p>\n\n\n\n<p>Prototyp, Schulung, Strategie &amp; Skalierungsentscheidung<br><\/p>\n<\/div>\n\n\n\n<div class=\"wp-block-column is-layout-flow wp-block-column-is-layout-flow\">\n<p>Inhalte:<\/p>\n\n\n\n<ul class=\"wp-block-list\">\n<li>Pilotprojekt w\u00e4hlen &amp; planen<\/li>\n\n\n\n<li>Datenpr\u00fcfung &amp; Machbarkeit analysieren<\/li>\n\n\n\n<li>Prototyp entwickeln<\/li>\n\n\n\n<li>KI-Strategie parallel entwickeln<\/li>\n\n\n\n<li>Change Management &amp; Mitarbeiterschulung<\/li>\n\n\n\n<li>Wirkungsmessung &amp; Auswertung<\/li>\n<\/ul>\n<\/div>\n<\/div>\n\n\n\n<div class=\"wp-block-buttons alignwide is-content-justification-space-between is-layout-flex wp-container-core-buttons-is-layout-4 wp-block-buttons-is-layout-flex\">\n<div class=\"wp-block-button has-custom-width wp-block-button__width-100 is-style-fill wow animate__animated animate__bounce\"><a class=\"wp-block-button__link has-highlight-color-background-color has-background has-border-color has-text-align-center wp-element-button\" href=\"https:\/\/www.external-cmo.de\/ki-umsetzungspaket\/\" style=\"border-color:#d0ccde;border-width:2px;border-radius:10px\">\ud83d\udc49 Mehr Infos zum Umsetzungspaket<\/a><\/div>\n<\/div>\n<\/div>\n<\/div>\n<\/div>\n<\/div>\n\n\n\n<div style=\"height:100px\" aria-hidden=\"true\" class=\"wp-block-spacer\"><\/div>\n\n\n\n<h3 class=\"wp-block-heading has-text-align-center has-base-color has-text-color has-link-color wp-elements-9c5efe3d16b0115f1cccd4e9f8ad1fc7\">Wenn Sie sich fragen, ob Ihre Organisation bereit ist f\u00fcr KI \u2013 dann ist die erste Frage: Wer f\u00fchrt eigentlich diese Ver\u00e4nderung?<\/h3>\n\n\n\n<div class=\"wp-block-buttons alignwide is-content-justification-center is-layout-flex wp-container-core-buttons-is-layout-5 wp-block-buttons-is-layout-flex\">\n<div class=\"wp-block-button has-custom-width wp-block-button__width-50 is-style-fill wow animate__animated animate__bounce\"><a class=\"wp-block-button__link has-highlight-color-background-color has-background has-border-color has-text-align-center wp-element-button\" href=\"https:\/\/www.external-cmo.de\/terminbuchung2\/\" style=\"border-color:#d0ccde;border-width:2px;border-radius:10px\" target=\"_blank\" rel=\" noreferrer noopener nofollow\"><strong>\ud83d\udd25<\/strong> Jetzt Fire Control\u2122 KI-Klarheitsgespr\u00e4ch buchen<\/a><\/div>\n<\/div>\n","protected":false},"excerpt":{"rendered":"<p>KI einf\u00fchren ohne F\u00fchrung ist wie Fliegen ohne Steuerung. KI kann Prozesse beschleunigen, Entscheidungen verbessern und neue Gesch\u00e4ftspotenziale freilegen.Aber nur, wenn die Organisation bereit daf\u00fcr ist \u2013 strukturell, personell, kulturell. Deshalb sind meine KI-Pakete keine Beratungsprodukte. Sie sind Bausteine f\u00fcr echte Transformation \u2013 mit F\u00fchrung, Verantwortung und Wirkung. Fire Control\u2122 ist keine Beratung. Es ist [&hellip;]<\/p>\n","protected":false},"author":1,"featured_media":0,"parent":0,"menu_order":0,"comment_status":"closed","ping_status":"closed","template":"page-no-title","meta":{"content-type":"","_surecart_dashboard_logo_width":"180px","_surecart_dashboard_show_logo":true,"_surecart_dashboard_navigation_orders":true,"_surecart_dashboard_navigation_invoices":true,"_surecart_dashboard_navigation_subscriptions":true,"_surecart_dashboard_navigation_downloads":true,"_surecart_dashboard_navigation_billing":true,"_surecart_dashboard_navigation_account":true,"_monsterinsights_skip_tracking":false,"_monsterinsights_sitenote_active":false,"_monsterinsights_sitenote_note":"","_monsterinsights_sitenote_category":0,"footnotes":""},"class_list":["post-2232","page","type-page","status-publish","hentry"],"_links":{"self":[{"href":"https:\/\/www.external-cmo.de\/de\/wp-json\/wp\/v2\/pages\/2232","targetHints":{"allow":["GET"]}}],"collection":[{"href":"https:\/\/www.external-cmo.de\/de\/wp-json\/wp\/v2\/pages"}],"about":[{"href":"https:\/\/www.external-cmo.de\/de\/wp-json\/wp\/v2\/types\/page"}],"author":[{"embeddable":true,"href":"https:\/\/www.external-cmo.de\/de\/wp-json\/wp\/v2\/users\/1"}],"replies":[{"embeddable":true,"href":"https:\/\/www.external-cmo.de\/de\/wp-json\/wp\/v2\/comments?post=2232"}],"version-history":[{"count":24,"href":"https:\/\/www.external-cmo.de\/de\/wp-json\/wp\/v2\/pages\/2232\/revisions"}],"predecessor-version":[{"id":2477,"href":"https:\/\/www.external-cmo.de\/de\/wp-json\/wp\/v2\/pages\/2232\/revisions\/2477"}],"wp:attachment":[{"href":"https:\/\/www.external-cmo.de\/de\/wp-json\/wp\/v2\/media?parent=2232"}],"curies":[{"name":"wp","href":"https:\/\/api.w.org\/{rel}","templated":true}]}}