{"id":2231,"date":"2025-04-01T13:07:35","date_gmt":"2025-04-01T13:07:35","guid":{"rendered":"https:\/\/www.external-cmo.de\/?page_id=2231"},"modified":"2025-07-28T12:04:10","modified_gmt":"2025-07-28T12:04:10","slug":"ki-transformation","status":"publish","type":"page","link":"https:\/\/www.external-cmo.de\/de\/ki-transformation\/","title":{"rendered":"KI-Transformation"},"content":{"rendered":"\n<h2 class=\"wp-block-heading has-text-align-left wow animate__animated animate__bounce has-secondary-color has-text-color has-link-color wp-elements-91a4926003c64f94419f355ddf90aef1\">KI bringt nur dann Ergebnisse, <mark style=\"background-color:rgba(0, 0, 0, 0)\" class=\"has-inline-color has-highlight-color-color\">wenn jemand f\u00fchrt.<\/mark><\/h2>\n\n\n\n<p class=\"has-main-accent-color\">KI ist keine Software. Sie ist ein Systembruch.<br>Wer sie einf\u00fchrt, ver\u00e4ndert mehr als nur Prozesse \u2013<br>er ver\u00e4ndert Rollen, Machtverh\u00e4ltnisse und Selbstverst\u00e4ndnis.<\/p>\n\n\n\n<p class=\"has-main-accent-color\">Ich bin nicht hier, um Tools zu erkl\u00e4ren.<br>Ich \u00fcbernehme, wenn Unternehmen erkennen:<br><strong>\u201eWir wollen KI \u2013 aber wir sind noch nicht f\u00fchrbar.\u201c<\/strong><\/p>\n\n\n\n<h3 class=\"wp-block-heading has-main-accent-color\"><strong>Wie ich vom Beobachter zum Interventionsf\u00fchrer in der KI-Welt wurde<\/strong><\/h3>\n\n\n\n<p class=\"has-main-accent-color\">Ich habe fr\u00fch erkannt, dass KI nicht nur ein Technologiethema ist \u2013<br>sondern ein Ausl\u00f6ser f\u00fcr alles, was in Unternehmen bereits instabil ist.<\/p>\n\n\n\n<p>Als ich begann, GPT &amp; Automatisierung zu testen, sah ich schnell:<br><strong>Die eigentliche Herausforderung ist nicht das Tool \u2013 sondern das Team.<\/strong><br>F\u00fchrung. Klarheit. Integration. Ver\u00e4nderungsf\u00e4higkeit.<\/p>\n\n\n\n<p class=\"has-main-accent-color\">Heute begleite ich Unternehmen dort, wo KI mehr Fragen aufwirft als sie l\u00f6st \u2013<br>und f\u00fchre sie durch diese Phase mit einem klaren System:<br><strong>Fire Control\u2122 f\u00fcr KI-Transformation.<\/strong><\/p>\n\n\n\n<h3 class=\"wp-block-heading has-main-accent-color\">Strukturelle Klarheit vor Technologie-Euphorie<\/h3>\n\n\n\n<div class=\"wp-block-columns wow animate__animated animate__fadeInRight has-main-accent-color is-layout-flex wp-container-core-columns-is-layout-1 wp-block-columns-is-layout-flex\">\n<div class=\"wp-block-column is-layout-flow wp-block-column-is-layout-flow\" style=\"flex-basis:50px\">\n<figure class=\"wp-block-image size-full\" id=\"wow-animate__animated-animate__fadeInLeft\"><img loading=\"lazy\" decoding=\"async\" width=\"57\" height=\"53\" src=\"https:\/\/www.external-cmo.de\/wp-content\/uploads\/2024\/11\/haken.png\" alt=\"\" class=\"wp-image-1656\"\/><\/figure>\n<\/div>\n\n\n\n<div class=\"wp-block-column is-layout-flow wp-block-column-is-layout-flow\" style=\"flex-basis:95%\">\n<p>Diagnose vor Tool-Auswahl<br>Ich analysiere, wo Prozesse, Rollen und Daten \u00fcberhaupt bereit sind f\u00fcr KI \u2013 und wo F\u00fchrung fehlt.<\/p>\n<\/div>\n<\/div>\n\n\n\n<div class=\"wp-block-columns wow animate__animated animate__fadeInRight has-main-accent-color is-layout-flex wp-container-core-columns-is-layout-2 wp-block-columns-is-layout-flex\">\n<div class=\"wp-block-column is-layout-flow wp-block-column-is-layout-flow\" style=\"flex-basis:50px\" id=\"wow-animate__animated-animate__fadeInLeft\">\n\n<figure class=\"wp-block-image size-full is-resized\" id=\"wow-animate__animated-animate__fadeInLeft\"><img loading=\"lazy\" decoding=\"async\" width=\"57\" height=\"53\" src=\"https:\/\/www.external-cmo.de\/wp-content\/uploads\/2024\/11\/haken.png\" alt=\"\" class=\"wp-image-1656\" style=\"width:44px;height:auto\"\/><\/figure>\n\n<\/div>\n\n\n\n<div class=\"wp-block-column is-layout-flow wp-block-column-is-layout-flow\" style=\"flex-basis:95%\">\n<p>Pilotprojekt mit Klarheit<br>KI-Piloten brauchen nicht nur Use Cases \u2013 sondern Entscheider, die f\u00fcr Umsetzung und Konsequenzen stehen.<\/p>\n<\/div>\n<\/div>\n\n\n\n<div class=\"wp-block-columns wow animate__animated animate__fadeInRight has-main-accent-color is-layout-flex wp-container-core-columns-is-layout-3 wp-block-columns-is-layout-flex\">\n<div class=\"wp-block-column is-layout-flow wp-block-column-is-layout-flow\" style=\"flex-basis:50px\" id=\"wow-animate__animated-animate__fadeInLeft\">\n\n<figure class=\"wp-block-image size-full is-resized\" id=\"wow-animate__animated-animate__fadeInLeft\"><img loading=\"lazy\" decoding=\"async\" width=\"57\" height=\"53\" src=\"https:\/\/www.external-cmo.de\/wp-content\/uploads\/2024\/11\/haken.png\" alt=\"\" class=\"wp-image-1656\" style=\"width:44px;height:auto\"\/><\/figure>\n\n<\/div>\n\n\n\n<div class=\"wp-block-column is-layout-flow wp-block-column-is-layout-flow\" style=\"flex-basis:95%\">\n<p>F\u00fchrung des Change-Prozesses<br>Die eigentliche Arbeit beginnt nach dem Rollout: Verantwortung \u00fcbernehmen, Widerst\u00e4nde f\u00fchren, Systeme verankern.<\/p>\n<\/div>\n<\/div>\n\n\n\n<p>Ich habe daf\u00fcr klare Formate entwickelt \u2013 von Diagnose \u00fcber Umsetzung bis Begleitung.<br>Sie finden diese hier: \ud83d\udc49 <a class=\"\" href=\"https:\/\/www.external-cmo.de\/de\/ki-pakete\/\">KI-Leistungspakete ansehen<\/a><\/p>\n\n\n\n<h3 class=\"wp-block-heading has-text-align-center has-base-color has-text-color has-link-color wp-elements-9482e35174eb6e6cef416f1b2de172f0\">Wenn Sie \u00fcber KI sprechen, aber keiner das System f\u00fchrt: Dann sprechen Sie mit mir.<\/h3>\n\n\n\n<div class=\"wp-block-buttons alignwide is-content-justification-center is-layout-flex wp-container-core-buttons-is-layout-1 wp-block-buttons-is-layout-flex\">\n<div class=\"wp-block-button has-custom-width wp-block-button__width-50 is-style-fill wow animate__animated animate__bounce\"><a class=\"wp-block-button__link has-highlight-color-background-color has-background has-border-color has-text-align-center wp-element-button\" href=\"https:\/\/www.external-cmo.de\/terminbuchung2\/\" style=\"border-color:#d0ccde;border-width:2px;border-radius:10px\" target=\"_blank\" rel=\" noreferrer noopener nofollow\"><strong>\ud83d\udd25<\/strong> Jetzt Fire Control\u2122 Klarheitsgespr\u00e4ch buchen<\/a><\/div>\n<\/div>\n","protected":false},"excerpt":{"rendered":"<p>KI bringt nur dann Ergebnisse, wenn jemand f\u00fchrt. KI ist keine Software. Sie ist ein Systembruch.Wer sie einf\u00fchrt, ver\u00e4ndert mehr als nur Prozesse \u2013er ver\u00e4ndert Rollen, Machtverh\u00e4ltnisse und Selbstverst\u00e4ndnis. Ich bin nicht hier, um Tools zu erkl\u00e4ren.Ich \u00fcbernehme, wenn Unternehmen erkennen:\u201eWir wollen KI \u2013 aber wir sind noch nicht f\u00fchrbar.\u201c Wie ich vom Beobachter zum [&hellip;]<\/p>\n","protected":false},"author":1,"featured_media":0,"parent":0,"menu_order":0,"comment_status":"closed","ping_status":"closed","template":"page-no-title","meta":{"content-type":"","_surecart_dashboard_logo_width":"180px","_surecart_dashboard_show_logo":true,"_surecart_dashboard_navigation_orders":true,"_surecart_dashboard_navigation_invoices":true,"_surecart_dashboard_navigation_subscriptions":true,"_surecart_dashboard_navigation_downloads":true,"_surecart_dashboard_navigation_billing":true,"_surecart_dashboard_navigation_account":true,"_monsterinsights_skip_tracking":false,"_monsterinsights_sitenote_active":false,"_monsterinsights_sitenote_note":"","_monsterinsights_sitenote_category":0,"footnotes":""},"class_list":["post-2231","page","type-page","status-publish","hentry"],"_links":{"self":[{"href":"https:\/\/www.external-cmo.de\/de\/wp-json\/wp\/v2\/pages\/2231","targetHints":{"allow":["GET"]}}],"collection":[{"href":"https:\/\/www.external-cmo.de\/de\/wp-json\/wp\/v2\/pages"}],"about":[{"href":"https:\/\/www.external-cmo.de\/de\/wp-json\/wp\/v2\/types\/page"}],"author":[{"embeddable":true,"href":"https:\/\/www.external-cmo.de\/de\/wp-json\/wp\/v2\/users\/1"}],"replies":[{"embeddable":true,"href":"https:\/\/www.external-cmo.de\/de\/wp-json\/wp\/v2\/comments?post=2231"}],"version-history":[{"count":7,"href":"https:\/\/www.external-cmo.de\/de\/wp-json\/wp\/v2\/pages\/2231\/revisions"}],"predecessor-version":[{"id":2430,"href":"https:\/\/www.external-cmo.de\/de\/wp-json\/wp\/v2\/pages\/2231\/revisions\/2430"}],"wp:attachment":[{"href":"https:\/\/www.external-cmo.de\/de\/wp-json\/wp\/v2\/media?parent=2231"}],"curies":[{"name":"wp","href":"https:\/\/api.w.org\/{rel}","templated":true}]}}