{"id":1887,"date":"2024-11-20T11:04:21","date_gmt":"2024-11-20T11:04:21","guid":{"rendered":"https:\/\/www.external-cmo.de\/?page_id=1887"},"modified":"2025-02-19T12:53:17","modified_gmt":"2025-02-19T12:53:17","slug":"projects","status":"publish","type":"page","link":"https:\/\/www.external-cmo.de\/de\/projects\/","title":{"rendered":"Einblicke"},"content":{"rendered":"<div class=\"blockwheels-section alignwide has-main-accent-color\" data-id=\"ec27b92e-49e6-4936-9b98-f54093ff1df0\"><div class=\"wp-block-blockwheels-grid-posts blockwheels-grid-posts-container grid gap image-ratio sm-grid-cols-1 md-grid-cols-2 grid-cols-2 sm-text-left md-text-left text-left\"\n    data-ratio=\"16x9\">\n        <div class=\"blockwheels-post-details\">\n                        <figure class=\"wp-block-image effect_zoomin\">\n            <a href=\"https:\/\/www.external-cmo.de\/de\/b2b-sales-dein-kunde-kauft-aber-nicht-bei-dir-und-das-hat-einen-grund\/\" target=\"_self\">\n                <img loading=\"lazy\" decoding=\"async\" width=\"1894\" height=\"1066\" src=\"https:\/\/external-cmo.de\/wp-content\/uploads\/2025\/02\/artikel-KI-Sales.png\" class=\"attachment-post-thumbnail size-post-thumbnail wp-post-image\" alt=\"\" srcset=\"https:\/\/external-cmo.de\/wp-content\/uploads\/2025\/02\/artikel-KI-Sales.png 1894w, https:\/\/external-cmo.de\/wp-content\/uploads\/2025\/02\/artikel-KI-Sales-300x169.png 300w, https:\/\/external-cmo.de\/wp-content\/uploads\/2025\/02\/artikel-KI-Sales-1024x576.png 1024w, https:\/\/external-cmo.de\/wp-content\/uploads\/2025\/02\/artikel-KI-Sales-768x432.png 768w, https:\/\/external-cmo.de\/wp-content\/uploads\/2025\/02\/artikel-KI-Sales-1536x865.png 1536w, https:\/\/external-cmo.de\/wp-content\/uploads\/2025\/02\/artikel-KI-Sales-18x10.png 18w\" sizes=\"auto, (max-width: 1894px) 100vw, 1894px\" \/>            <\/a>\n        <\/figure>\n                        <div class=\"wp-block-content\">\n\n            <div class=\"wp-block-term-links category-style-boxed\"><a href=\"https:\/\/www.external-cmo.de\/de\/category\/blog\/\">&#8211; Blogbeitrag &#8211;<\/a><\/div>\n            <h2 class=\"wp-block-post-title\">\n                <a href=\"https:\/\/www.external-cmo.de\/de\/b2b-sales-dein-kunde-kauft-aber-nicht-bei-dir-und-das-hat-einen-grund\/\" rel=\"bookmark\">B2B Sales: Dein Kunde kauft \u2013 aber nicht bei dir! (Und das hat einen Grund\u2026)<\/a>\n            <\/h2>\n\n            \n                        <div class=\"wp-block-post-excerpt__excerpt\">Dein Vertrieb k\u00e4mpft \u2013 aber der Markt spielt l\u00e4ngst nach neuen Regeln Wie oft passiert das in deinem Unternehmen? Dein Vertriebsteam investiert Wochen in einen potenziellen Kunden, f\u00fchrt mehrere Gespr\u00e4che, erstellt ma\u00dfgeschneiderte Angebote \u2013 und dann passiert\u2026 nichts. Der Kunde&#8230;            <\/div>\n            \n            \n        <\/div>\n\n    <\/div>\n        <div class=\"blockwheels-post-details\">\n                        <figure class=\"wp-block-image effect_zoomin\">\n            <a href=\"https:\/\/www.external-cmo.de\/de\/intuition-die-unterschaetzte-kraft-in-entscheidungsprozessen\/\" target=\"_self\">\n                <img loading=\"lazy\" decoding=\"async\" width=\"1920\" height=\"1080\" src=\"https:\/\/external-cmo.de\/wp-content\/uploads\/2025\/02\/artikel-intuition.png\" class=\"attachment-post-thumbnail size-post-thumbnail wp-post-image\" alt=\"\" srcset=\"https:\/\/external-cmo.de\/wp-content\/uploads\/2025\/02\/artikel-intuition.png 1920w, https:\/\/external-cmo.de\/wp-content\/uploads\/2025\/02\/artikel-intuition-300x169.png 300w, https:\/\/external-cmo.de\/wp-content\/uploads\/2025\/02\/artikel-intuition-1024x576.png 1024w, https:\/\/external-cmo.de\/wp-content\/uploads\/2025\/02\/artikel-intuition-768x432.png 768w, https:\/\/external-cmo.de\/wp-content\/uploads\/2025\/02\/artikel-intuition-1536x864.png 1536w, https:\/\/external-cmo.de\/wp-content\/uploads\/2025\/02\/artikel-intuition-18x10.png 18w\" sizes=\"auto, (max-width: 1920px) 100vw, 1920px\" \/>            <\/a>\n        <\/figure>\n                        <div class=\"wp-block-content\">\n\n            <div class=\"wp-block-term-links category-style-boxed\"><a href=\"https:\/\/www.external-cmo.de\/de\/category\/blog\/\">&#8211; Blogbeitrag &#8211;<\/a><\/div>\n            <h2 class=\"wp-block-post-title\">\n                <a href=\"https:\/\/www.external-cmo.de\/de\/intuition-die-unterschaetzte-kraft-in-entscheidungsprozessen\/\" rel=\"bookmark\">Intuition: Die untersch\u00e4tzte Kraft in Entscheidungsprozessen<\/a>\n            <\/h2>\n\n            \n                        <div class=\"wp-block-post-excerpt__excerpt\">Ein pers\u00f6nliches Erlebnis In meinem letzten Mandat stellte ich eine verkorkste Marketingorganisation komplett um. W\u00e4hrend eines Workshops bewertete der damalige Gesch\u00e4ftsf\u00fchrer meine Herangehensweise mit den Worten, dass ich mit glasklaren Analysen die Organisation vom Kopf auf die F\u00fc\u00dfe gestellt h\u00e4tte&#8230;.            <\/div>\n            \n            \n        <\/div>\n\n    <\/div>\n        <div class=\"blockwheels-post-details\">\n                        <figure class=\"wp-block-image effect_zoomin\">\n            <a href=\"https:\/\/www.external-cmo.de\/de\/restructuring-marketing-department\/\" target=\"_self\">\n                <img loading=\"lazy\" decoding=\"async\" width=\"1280\" height=\"720\" src=\"https:\/\/external-cmo.de\/wp-content\/uploads\/2021\/03\/concert-2527495_1280.jpg\" class=\"attachment-post-thumbnail size-post-thumbnail wp-post-image\" alt=\"\" srcset=\"https:\/\/external-cmo.de\/wp-content\/uploads\/2021\/03\/concert-2527495_1280.jpg 1280w, https:\/\/external-cmo.de\/wp-content\/uploads\/2021\/03\/concert-2527495_1280-300x169.jpg 300w, https:\/\/external-cmo.de\/wp-content\/uploads\/2021\/03\/concert-2527495_1280-1024x576.jpg 1024w, https:\/\/external-cmo.de\/wp-content\/uploads\/2021\/03\/concert-2527495_1280-768x432.jpg 768w, https:\/\/external-cmo.de\/wp-content\/uploads\/2021\/03\/concert-2527495_1280-1200x675.jpg 1200w\" sizes=\"auto, (max-width: 1280px) 100vw, 1280px\" \/>            <\/a>\n        <\/figure>\n                        <div class=\"wp-block-content\">\n\n            <div class=\"wp-block-term-links category-style-boxed\"><a href=\"https:\/\/www.external-cmo.de\/de\/category\/projekte\/\">&#8211; Projektbericht &#8211;<\/a><a href=\"https:\/\/www.external-cmo.de\/de\/category\/reorganisation\/\">(Re-)Organisation<\/a><a href=\"https:\/\/www.external-cmo.de\/de\/category\/customer-journey\/\">Customer Journey<\/a><a href=\"https:\/\/www.external-cmo.de\/de\/category\/fuehrung\/\">F\u00fchrung<\/a><a href=\"https:\/\/www.external-cmo.de\/de\/category\/marketing-strategie\/\">Marketing Strategie<\/a><\/div>\n            <h2 class=\"wp-block-post-title\">\n                <a href=\"https:\/\/www.external-cmo.de\/de\/restructuring-marketing-department\/\" rel=\"bookmark\">Re-Strukturierung einer Marketingabteilung<\/a>\n            <\/h2>\n\n            \n                        <div class=\"wp-block-post-excerpt__excerpt\">Ein weltweit bekanntes Unternehmen strukturierte seine Gesch\u00e4ftsbereiche um, ohne das Marketing mit anzupassen. Die Folge war eine massive \u00dcberlastung des Marketingbereichs.            <\/div>\n            \n            \n        <\/div>\n\n    <\/div>\n        <div class=\"blockwheels-post-details\">\n                        <figure class=\"wp-block-image effect_zoomin\">\n            <a href=\"https:\/\/www.external-cmo.de\/de\/digital-sales-plant-engineering\/\" target=\"_self\">\n                <img loading=\"lazy\" decoding=\"async\" width=\"1280\" height=\"872\" src=\"https:\/\/external-cmo.de\/wp-content\/uploads\/2023\/07\/water-lily-3784022_1280.jpg\" class=\"attachment-post-thumbnail size-post-thumbnail wp-post-image\" alt=\"\" srcset=\"https:\/\/external-cmo.de\/wp-content\/uploads\/2023\/07\/water-lily-3784022_1280.jpg 1280w, https:\/\/external-cmo.de\/wp-content\/uploads\/2023\/07\/water-lily-3784022_1280-300x204.jpg 300w, https:\/\/external-cmo.de\/wp-content\/uploads\/2023\/07\/water-lily-3784022_1280-1024x698.jpg 1024w, https:\/\/external-cmo.de\/wp-content\/uploads\/2023\/07\/water-lily-3784022_1280-768x523.jpg 768w\" sizes=\"auto, (max-width: 1280px) 100vw, 1280px\" \/>            <\/a>\n        <\/figure>\n                        <div class=\"wp-block-content\">\n\n            <div class=\"wp-block-term-links category-style-boxed\"><a href=\"https:\/\/www.external-cmo.de\/de\/category\/projekte\/\">&#8211; Projektbericht &#8211;<\/a><a href=\"https:\/\/www.external-cmo.de\/de\/category\/reorganisation\/\">(Re-)Organisation<\/a><a href=\"https:\/\/www.external-cmo.de\/de\/category\/marketing-strategie\/\">Marketing Strategie<\/a><a href=\"https:\/\/www.external-cmo.de\/de\/category\/performance-marketing\/\">Performance Marketing<\/a><\/div>\n            <h2 class=\"wp-block-post-title\">\n                <a href=\"https:\/\/www.external-cmo.de\/de\/digital-sales-plant-engineering\/\" rel=\"bookmark\">Neuaufstellung Marketing f\u00fcr Digital Sales im Anlagenbau<\/a>\n            <\/h2>\n\n            \n                        <div class=\"wp-block-post-excerpt__excerpt\">Ambitionierte Wachstumsvorgaben eines b\u00f6rsennotierten Anlagenbau-Konzerns stellten das Vertriebskonzept f\u00fcr sein Ersatzteil-, Verschlei\u00dfteil- und Modernisierungsgesch\u00e4ft auf den Pr\u00fcfstand.            <\/div>\n            \n            \n        <\/div>\n\n    <\/div>\n        <div class=\"blockwheels-post-details\">\n                        <figure class=\"wp-block-image effect_zoomin\">\n            <a href=\"https:\/\/www.external-cmo.de\/de\/new-business-from-erp-and-crm\/\" target=\"_self\">\n                <img loading=\"lazy\" decoding=\"async\" width=\"1280\" height=\"763\" src=\"https:\/\/external-cmo.de\/wp-content\/uploads\/2023\/07\/binoculars-3683757_1280.jpg\" class=\"attachment-post-thumbnail size-post-thumbnail wp-post-image\" alt=\"\" srcset=\"https:\/\/external-cmo.de\/wp-content\/uploads\/2023\/07\/binoculars-3683757_1280.jpg 1280w, https:\/\/external-cmo.de\/wp-content\/uploads\/2023\/07\/binoculars-3683757_1280-300x179.jpg 300w, https:\/\/external-cmo.de\/wp-content\/uploads\/2023\/07\/binoculars-3683757_1280-1024x610.jpg 1024w, https:\/\/external-cmo.de\/wp-content\/uploads\/2023\/07\/binoculars-3683757_1280-768x458.jpg 768w\" sizes=\"auto, (max-width: 1280px) 100vw, 1280px\" \/>            <\/a>\n        <\/figure>\n                        <div class=\"wp-block-content\">\n\n            <div class=\"wp-block-term-links category-style-boxed\"><a href=\"https:\/\/www.external-cmo.de\/de\/category\/projekte\/\">&#8211; Projektbericht &#8211;<\/a><a href=\"https:\/\/www.external-cmo.de\/de\/category\/crm-prozesse\/\">CRM Prozesse<\/a><a href=\"https:\/\/www.external-cmo.de\/de\/category\/performance-marketing\/\">Performance Marketing<\/a><\/div>\n            <h2 class=\"wp-block-post-title\">\n                <a href=\"https:\/\/www.external-cmo.de\/de\/new-business-from-erp-and-crm\/\" rel=\"bookmark\">Automatisiert Neugesch\u00e4ft aus ERP- und CRM-Daten generieren<\/a>\n            <\/h2>\n\n            \n                        <div class=\"wp-block-post-excerpt__excerpt\">Bei diesem Projekt f\u00fcr einen Gro\u00dfanlagenbauer werden durch Mustererkennung von historischen Bestelldaten und Verkn\u00fcpfungen von ERP- und CRM-Daten automatisiert neue Verkaufschancen generiert.            <\/div>\n            \n            \n        <\/div>\n\n    <\/div>\n        <div class=\"blockwheels-post-details\">\n                        <figure class=\"wp-block-image effect_zoomin\">\n            <a href=\"https:\/\/www.external-cmo.de\/de\/employer-branding-wood-industry\/\" target=\"_self\">\n                <img loading=\"lazy\" decoding=\"async\" width=\"1280\" height=\"853\" src=\"https:\/\/external-cmo.de\/wp-content\/uploads\/2021\/08\/lumber-employerbranding.jpg\" class=\"attachment-post-thumbnail size-post-thumbnail wp-post-image\" alt=\"\" srcset=\"https:\/\/external-cmo.de\/wp-content\/uploads\/2021\/08\/lumber-employerbranding.jpg 1280w, https:\/\/external-cmo.de\/wp-content\/uploads\/2021\/08\/lumber-employerbranding-300x200.jpg 300w, https:\/\/external-cmo.de\/wp-content\/uploads\/2021\/08\/lumber-employerbranding-1024x682.jpg 1024w, https:\/\/external-cmo.de\/wp-content\/uploads\/2021\/08\/lumber-employerbranding-768x512.jpg 768w\" sizes=\"auto, (max-width: 1280px) 100vw, 1280px\" \/>            <\/a>\n        <\/figure>\n                        <div class=\"wp-block-content\">\n\n            <div class=\"wp-block-term-links category-style-boxed\"><a href=\"https:\/\/www.external-cmo.de\/de\/category\/projekte\/\">&#8211; Projektbericht &#8211;<\/a><a href=\"https:\/\/www.external-cmo.de\/de\/category\/employer-branding\/\">Employer Branding<\/a><\/div>\n            <h2 class=\"wp-block-post-title\">\n                <a href=\"https:\/\/www.external-cmo.de\/de\/employer-branding-wood-industry\/\" rel=\"bookmark\">Special: Mit Employer Branding Strategie gegen den Fachkr\u00e4ftemangel<\/a>\n            <\/h2>\n\n            \n                        <div class=\"wp-block-post-excerpt__excerpt\">Eines der modernsten und leistungsst\u00e4rksten S\u00e4gewerke Deutschlands hatte zunehmend Schwierigkeiten, offene Positionen erfolgreich zu besetzen. Eine Employer Branding Strategie sollte dem entgegenwirken.            <\/div>\n            \n            \n        <\/div>\n\n    <\/div>\n        <\/div>\n<\/div>","protected":false},"excerpt":{"rendered":"","protected":false},"author":1,"featured_media":0,"parent":0,"menu_order":0,"comment_status":"closed","ping_status":"closed","template":"","meta":{"content-type":"","_surecart_dashboard_logo_width":"180px","_surecart_dashboard_show_logo":true,"_surecart_dashboard_navigation_orders":true,"_surecart_dashboard_navigation_invoices":true,"_surecart_dashboard_navigation_subscriptions":true,"_surecart_dashboard_navigation_downloads":true,"_surecart_dashboard_navigation_billing":true,"_surecart_dashboard_navigation_account":true,"_monsterinsights_skip_tracking":false,"_monsterinsights_sitenote_active":false,"_monsterinsights_sitenote_note":"","_monsterinsights_sitenote_category":0,"footnotes":""},"class_list":["post-1887","page","type-page","status-publish","hentry"],"_links":{"self":[{"href":"https:\/\/www.external-cmo.de\/de\/wp-json\/wp\/v2\/pages\/1887","targetHints":{"allow":["GET"]}}],"collection":[{"href":"https:\/\/www.external-cmo.de\/de\/wp-json\/wp\/v2\/pages"}],"about":[{"href":"https:\/\/www.external-cmo.de\/de\/wp-json\/wp\/v2\/types\/page"}],"author":[{"embeddable":true,"href":"https:\/\/www.external-cmo.de\/de\/wp-json\/wp\/v2\/users\/1"}],"replies":[{"embeddable":true,"href":"https:\/\/www.external-cmo.de\/de\/wp-json\/wp\/v2\/comments?post=1887"}],"version-history":[{"count":19,"href":"https:\/\/www.external-cmo.de\/de\/wp-json\/wp\/v2\/pages\/1887\/revisions"}],"predecessor-version":[{"id":2214,"href":"https:\/\/www.external-cmo.de\/de\/wp-json\/wp\/v2\/pages\/1887\/revisions\/2214"}],"wp:attachment":[{"href":"https:\/\/www.external-cmo.de\/de\/wp-json\/wp\/v2\/media?parent=1887"}],"curies":[{"name":"wp","href":"https:\/\/api.w.org\/{rel}","templated":true}]}}